{"id":9895,"date":"2019-01-20T17:27:57","date_gmt":"2019-01-20T17:27:57","guid":{"rendered":"http:\/\/www.misdetallesdeboda.com\/detalles\/?post_type=product&#038;p=9895"},"modified":"2019-01-20T17:27:57","modified_gmt":"2019-01-20T17:27:57","slug":"cake-topper-unicornio","status":"publish","type":"product","link":"https:\/\/www.misdetallesdeboda.com\/detalles\/producto\/cake-topper-unicornio\/","title":{"rendered":"Cake Topper Unicornio"},"content":{"rendered":"<p>Cake Topper Unicornio Arcoiris Decoraci\u00f3n para Pasteles y Tartas.<\/p>\n<p>Estos Cake Topper de Unicornio son el complemento perfecto para la decoraci\u00f3n de Pasteles y Tartas. Son ideales para decoracones de Fiestas de Cumplea\u00f1os, Comuniones y Eventos.<\/p>\n<p>Color Exclusivo Arco\u00edris<\/p>\n<p>Muy originales y dise\u00f1ados 100% con mucha creatividad e imaginaci\u00f3n.<\/p>\n<p>Tienen una medida de 15 cm altura y est\u00e1n Hechos a Mano en material de Poliester. Medida base: 10,5cm<\/p>\n<p>La parte de debajo tiene una superficia lisa y segura c\u00f3mo base para el Pastel.<\/p>\n","protected":false},"excerpt":{"rendered":"<p>Cake Topper Unicornio Arcoiris Decoraci\u00f3n para Pasteles y Tartas. Estos Cake Topper de Unicornio son el complemento perfecto para la decoraci\u00f3n de Pasteles y Tartas. Son ideales para decoracones de Fiestas de Cumplea\u00f1os, Comuniones y [&hellip;]<\/p>\n","protected":false},"featured_media":9897,"template":"","meta":[],"product_brand":[],"product_cat":[72],"product_tag":[165],"class_list":{"0":"post-9895","1":"product","2":"type-product","3":"status-publish","4":"has-post-thumbnail","6":"product_cat-figuras","7":"product_tag-comunion-nina","8":"clearfix","10":"first","11":"instock","12":"shipping-taxable","13":"purchasable","14":"product-type-simple"},"_links":{"self":[{"href":"https:\/\/www.misdetallesdeboda.com\/detalles\/wp-json\/wp\/v2\/product\/9895","targetHints":{"allow":["GET"]}}],"collection":[{"href":"https:\/\/www.misdetallesdeboda.com\/detalles\/wp-json\/wp\/v2\/product"}],"about":[{"href":"https:\/\/www.misdetallesdeboda.com\/detalles\/wp-json\/wp\/v2\/types\/product"}],"wp:featuredmedia":[{"embeddable":true,"href":"https:\/\/www.misdetallesdeboda.com\/detalles\/wp-json\/wp\/v2\/media\/9897"}],"wp:attachment":[{"href":"https:\/\/www.misdetallesdeboda.com\/detalles\/wp-json\/wp\/v2\/media?parent=9895"}],"wp:term":[{"taxonomy":"product_brand","embeddable":true,"href":"https:\/\/www.misdetallesdeboda.com\/detalles\/wp-json\/wp\/v2\/product_brand?post=9895"},{"taxonomy":"product_cat","embeddable":true,"href":"https:\/\/www.misdetallesdeboda.com\/detalles\/wp-json\/wp\/v2\/product_cat?post=9895"},{"taxonomy":"product_tag","embeddable":true,"href":"https:\/\/www.misdetallesdeboda.com\/detalles\/wp-json\/wp\/v2\/product_tag?post=9895"}],"curies":[{"name":"wp","href":"https:\/\/api.w.org\/{rel}","templated":true}]}}