{"id":9778,"date":"2018-11-25T19:07:13","date_gmt":"2018-11-25T19:07:13","guid":{"rendered":"http:\/\/www.misdetallesdeboda.com\/detalles\/?post_type=product&#038;p=9778"},"modified":"2024-11-22T17:36:29","modified_gmt":"2024-11-22T17:36:29","slug":"adorno-recuerdo-navidad","status":"publish","type":"product","link":"https:\/\/www.misdetallesdeboda.com\/detalles\/producto\/adorno-recuerdo-navidad\/","title":{"rendered":"Casita de madera con chocolate"},"content":{"rendered":"<p>Colgante de madera en forma de casita con cordel para decorar el \u00e1rbol de Navidad o cualquier rinc\u00f3n de la casa u oficina.<br \/>\nSe presenta decorado con un bomb\u00f3n y lazada con cinta de cristal en color marr\u00f3n.<br \/>\nLas medidas son 16 cm. de alto por 10 cm de ancho. Un detalle muy original con el que decorar cualquier regalo que vaya a obsequiar a sus invitados o familiares en estas fiestas.<br \/>\nDetalle muy polivalente para todas las edades para complementar cualquier regalo navide\u00f1o.<\/p>\n<p>Familia\tNAVIDAD<br \/>\nAncho (cm)\t6,8<br \/>\nAlto (cm)\t15,8<br \/>\nFondo (cm)\t3<br \/>\nLos pedidos deben ser m\u00faltiplos de 8<\/p>\n","protected":false},"excerpt":{"rendered":"<p>Colgante de madera en forma de casita con cordel para decorar el \u00e1rbol de Navidad o cualquier rinc\u00f3n de la casa u oficina. Se presenta decorado con un bomb\u00f3n y lazada con cinta de cristal [&hellip;]<\/p>\n","protected":false},"featured_media":13855,"template":"","meta":[],"product_brand":[],"product_cat":[283],"product_tag":[],"class_list":{"0":"post-9778","1":"product","2":"type-product","3":"status-publish","4":"has-post-thumbnail","6":"product_cat-navidad","7":"clearfix","9":"first","10":"instock","11":"shipping-taxable","12":"purchasable","13":"product-type-simple"},"_links":{"self":[{"href":"https:\/\/www.misdetallesdeboda.com\/detalles\/wp-json\/wp\/v2\/product\/9778","targetHints":{"allow":["GET"]}}],"collection":[{"href":"https:\/\/www.misdetallesdeboda.com\/detalles\/wp-json\/wp\/v2\/product"}],"about":[{"href":"https:\/\/www.misdetallesdeboda.com\/detalles\/wp-json\/wp\/v2\/types\/product"}],"wp:featuredmedia":[{"embeddable":true,"href":"https:\/\/www.misdetallesdeboda.com\/detalles\/wp-json\/wp\/v2\/media\/13855"}],"wp:attachment":[{"href":"https:\/\/www.misdetallesdeboda.com\/detalles\/wp-json\/wp\/v2\/media?parent=9778"}],"wp:term":[{"taxonomy":"product_brand","embeddable":true,"href":"https:\/\/www.misdetallesdeboda.com\/detalles\/wp-json\/wp\/v2\/product_brand?post=9778"},{"taxonomy":"product_cat","embeddable":true,"href":"https:\/\/www.misdetallesdeboda.com\/detalles\/wp-json\/wp\/v2\/product_cat?post=9778"},{"taxonomy":"product_tag","embeddable":true,"href":"https:\/\/www.misdetallesdeboda.com\/detalles\/wp-json\/wp\/v2\/product_tag?post=9778"}],"curies":[{"name":"wp","href":"https:\/\/api.w.org\/{rel}","templated":true}]}}