{"id":9776,"date":"2018-11-25T19:02:03","date_gmt":"2018-11-25T19:02:03","guid":{"rendered":"http:\/\/www.misdetallesdeboda.com\/detalles\/?post_type=product&#038;p=9776"},"modified":"2024-11-24T17:25:34","modified_gmt":"2024-11-24T17:25:34","slug":"recuerdo-personalizado-navidad","status":"publish","type":"product","link":"https:\/\/www.misdetallesdeboda.com\/detalles\/producto\/recuerdo-personalizado-navidad\/","title":{"rendered":"Colgante de madera personalizado regalo navidad"},"content":{"rendered":"<p>Bonitos y vers\u00e1tiles colgantes redondos de madera para adornar el \u00e1rbol de Navidad o colgarlos de cualquier lugar en el hogar o la oficina.<br \/>\nMedida: 9cm de di\u00e1metro<\/p>\n<p>En la parte superior tienen un agujerito por donde pasa un cordel rojo muy resistente que lo hace perfecto para darle un toque original a la decoraci\u00f3n de Navidad.<\/p>\n<p>El colgante lleva grabado un dibujo de un pueblo nevado. En el medio del c\u00edrculo se graba el nombre de la persona que lo reciba o de la empresa.<\/p>\n<p>Es un detalle de Navidad econ\u00f3mico y original para regalarlo a los clientes o empleados en el lote de empresa, o para utilizarlo como regalo para los seres queridos y que le den un toque navide\u00f1o y personalizado a sus adornos de Navidad.<\/p>\n<p>Mide 9cm de di\u00e1metro.<\/p>\n<p>Dise\u00f1o protegido por copyright Mopec. Todos los derechos reservados.<br \/>\nPedido m\u00ednimo 10 unidades<\/p>\n","protected":false},"excerpt":{"rendered":"<p>Bonitos y vers\u00e1tiles colgantes redondos de madera para adornar el \u00e1rbol de Navidad o colgarlos de cualquier lugar en el hogar o la oficina. Medida: 9cm de di\u00e1metro En la parte superior tienen un agujerito [&hellip;]<\/p>\n","protected":false},"featured_media":13863,"template":"","meta":[],"product_brand":[],"product_cat":[283],"product_tag":[],"class_list":{"0":"post-9776","1":"product","2":"type-product","3":"status-publish","4":"has-post-thumbnail","6":"product_cat-navidad","7":"clearfix","9":"first","10":"outofstock","11":"shipping-taxable","12":"purchasable","13":"product-type-simple"},"_links":{"self":[{"href":"https:\/\/www.misdetallesdeboda.com\/detalles\/wp-json\/wp\/v2\/product\/9776","targetHints":{"allow":["GET"]}}],"collection":[{"href":"https:\/\/www.misdetallesdeboda.com\/detalles\/wp-json\/wp\/v2\/product"}],"about":[{"href":"https:\/\/www.misdetallesdeboda.com\/detalles\/wp-json\/wp\/v2\/types\/product"}],"wp:featuredmedia":[{"embeddable":true,"href":"https:\/\/www.misdetallesdeboda.com\/detalles\/wp-json\/wp\/v2\/media\/13863"}],"wp:attachment":[{"href":"https:\/\/www.misdetallesdeboda.com\/detalles\/wp-json\/wp\/v2\/media?parent=9776"}],"wp:term":[{"taxonomy":"product_brand","embeddable":true,"href":"https:\/\/www.misdetallesdeboda.com\/detalles\/wp-json\/wp\/v2\/product_brand?post=9776"},{"taxonomy":"product_cat","embeddable":true,"href":"https:\/\/www.misdetallesdeboda.com\/detalles\/wp-json\/wp\/v2\/product_cat?post=9776"},{"taxonomy":"product_tag","embeddable":true,"href":"https:\/\/www.misdetallesdeboda.com\/detalles\/wp-json\/wp\/v2\/product_tag?post=9776"}],"curies":[{"name":"wp","href":"https:\/\/api.w.org\/{rel}","templated":true}]}}