{"id":9774,"date":"2018-11-25T18:59:22","date_gmt":"2018-11-25T18:59:22","guid":{"rendered":"http:\/\/www.misdetallesdeboda.com\/detalles\/?post_type=product&#038;p=9774"},"modified":"2018-11-25T18:59:22","modified_gmt":"2018-11-25T18:59:22","slug":"regalo-navidad-dulce","status":"publish","type":"product","link":"https:\/\/www.misdetallesdeboda.com\/detalles\/producto\/regalo-navidad-dulce\/","title":{"rendered":"Regalo navidad dulce"},"content":{"rendered":"<p>Bonito detalles para regalar en estas fiestas. Un estuche con 11 deliciosos caramelos afrutados y un bonito colgante de madera natural con motivo navide\u00f1o. Se vende surtido en los 4 modelos. Las medidas de los colgantes son aproximadas ya que al tener la base de madera natural, podr\u00e1 variar el tama\u00f1o y tambi\u00e9n el aspecto de la pieza.<br \/>\nUn detalle de navidad ideal para repartir entre todos los amigos y familiares<br \/>\nPedido m\u00ednimo 10 unidades<\/p>\n","protected":false},"excerpt":{"rendered":"<p>Bonito detalles para regalar en estas fiestas. Un estuche con 11 deliciosos caramelos afrutados y un bonito colgante de madera natural con motivo navide\u00f1o. Se vende surtido en los 4 modelos. Las medidas de los [&hellip;]<\/p>\n","protected":false},"featured_media":9775,"template":"","meta":[],"product_brand":[],"product_cat":[283],"product_tag":[],"class_list":{"0":"post-9774","1":"product","2":"type-product","3":"status-publish","4":"has-post-thumbnail","6":"product_cat-navidad","7":"clearfix","9":"first","10":"instock","11":"shipping-taxable","12":"purchasable","13":"product-type-simple"},"_links":{"self":[{"href":"https:\/\/www.misdetallesdeboda.com\/detalles\/wp-json\/wp\/v2\/product\/9774","targetHints":{"allow":["GET"]}}],"collection":[{"href":"https:\/\/www.misdetallesdeboda.com\/detalles\/wp-json\/wp\/v2\/product"}],"about":[{"href":"https:\/\/www.misdetallesdeboda.com\/detalles\/wp-json\/wp\/v2\/types\/product"}],"wp:featuredmedia":[{"embeddable":true,"href":"https:\/\/www.misdetallesdeboda.com\/detalles\/wp-json\/wp\/v2\/media\/9775"}],"wp:attachment":[{"href":"https:\/\/www.misdetallesdeboda.com\/detalles\/wp-json\/wp\/v2\/media?parent=9774"}],"wp:term":[{"taxonomy":"product_brand","embeddable":true,"href":"https:\/\/www.misdetallesdeboda.com\/detalles\/wp-json\/wp\/v2\/product_brand?post=9774"},{"taxonomy":"product_cat","embeddable":true,"href":"https:\/\/www.misdetallesdeboda.com\/detalles\/wp-json\/wp\/v2\/product_cat?post=9774"},{"taxonomy":"product_tag","embeddable":true,"href":"https:\/\/www.misdetallesdeboda.com\/detalles\/wp-json\/wp\/v2\/product_tag?post=9774"}],"curies":[{"name":"wp","href":"https:\/\/api.w.org\/{rel}","templated":true}]}}