{"id":9772,"date":"2018-11-25T18:55:14","date_gmt":"2018-11-25T18:55:14","guid":{"rendered":"http:\/\/www.misdetallesdeboda.com\/detalles\/?post_type=product&#038;p=9772"},"modified":"2024-11-24T17:52:33","modified_gmt":"2024-11-24T17:52:33","slug":"golosinas-recuerdo-navidad","status":"publish","type":"product","link":"https:\/\/www.misdetallesdeboda.com\/detalles\/producto\/golosinas-recuerdo-navidad\/","title":{"rendered":"Caramelos decorado recuerdo de navidad original"},"content":{"rendered":"<p>Estuche transparente en forma de pa\u00f1uelo 4 croki-choc con tarjeta Merry X&#8217;mas incluida, decorado con 2 estrellitas y cinta sat\u00e9n color roja. Sorprenda a todos en las fiestas familiares con estos detalles que dar\u00e1n un toque de color en la mesa.Encontrar\u00e1 en nuestro cat\u00e1logo bombones y cintas para confeccionar sus propios dise\u00f1os.<\/p>\n<p>Familia\tNAVIDAD<br \/>\nAncho (cm)\t10,3<br \/>\nAlto (cm)\t10,7<br \/>\nFondo (cm)\t1,7<br \/>\nPedido m\u00ednimo 10 unidades<\/p>\n","protected":false},"excerpt":{"rendered":"<p>Estuche transparente en forma de pa\u00f1uelo 4 croki-choc con tarjeta Merry X&#8217;mas incluida, decorado con 2 estrellitas y cinta sat\u00e9n color roja. Sorprenda a todos en las fiestas familiares con estos detalles que dar\u00e1n un [&hellip;]<\/p>\n","protected":false},"featured_media":13871,"template":"","meta":[],"product_brand":[],"product_cat":[283],"product_tag":[],"class_list":{"0":"post-9772","1":"product","2":"type-product","3":"status-publish","4":"has-post-thumbnail","6":"product_cat-navidad","7":"clearfix","9":"first","10":"instock","11":"shipping-taxable","12":"purchasable","13":"product-type-simple"},"_links":{"self":[{"href":"https:\/\/www.misdetallesdeboda.com\/detalles\/wp-json\/wp\/v2\/product\/9772","targetHints":{"allow":["GET"]}}],"collection":[{"href":"https:\/\/www.misdetallesdeboda.com\/detalles\/wp-json\/wp\/v2\/product"}],"about":[{"href":"https:\/\/www.misdetallesdeboda.com\/detalles\/wp-json\/wp\/v2\/types\/product"}],"wp:featuredmedia":[{"embeddable":true,"href":"https:\/\/www.misdetallesdeboda.com\/detalles\/wp-json\/wp\/v2\/media\/13871"}],"wp:attachment":[{"href":"https:\/\/www.misdetallesdeboda.com\/detalles\/wp-json\/wp\/v2\/media?parent=9772"}],"wp:term":[{"taxonomy":"product_brand","embeddable":true,"href":"https:\/\/www.misdetallesdeboda.com\/detalles\/wp-json\/wp\/v2\/product_brand?post=9772"},{"taxonomy":"product_cat","embeddable":true,"href":"https:\/\/www.misdetallesdeboda.com\/detalles\/wp-json\/wp\/v2\/product_cat?post=9772"},{"taxonomy":"product_tag","embeddable":true,"href":"https:\/\/www.misdetallesdeboda.com\/detalles\/wp-json\/wp\/v2\/product_tag?post=9772"}],"curies":[{"name":"wp","href":"https:\/\/api.w.org\/{rel}","templated":true}]}}