{"id":9770,"date":"2018-11-25T18:52:09","date_gmt":"2018-11-25T18:52:09","guid":{"rendered":"http:\/\/www.misdetallesdeboda.com\/detalles\/?post_type=product&#038;p=9770"},"modified":"2024-11-24T18:10:27","modified_gmt":"2024-11-24T18:10:27","slug":"cajita-decorada-navidad","status":"publish","type":"product","link":"https:\/\/www.misdetallesdeboda.com\/detalles\/producto\/cajita-decorada-navidad\/","title":{"rendered":"12 cajitas decoradas navidad cart\u00f3n con ventana transparente"},"content":{"rendered":"<p>Surtido de 12 cajitas navide\u00f1as disponibles en dos modelos Pap\u00e1 Noel y Mu\u00f1eco de nieve con ventana transparente que permite ver el contenido.<\/p>\n<p>Sin duda son el complemento navide\u00f1o perfecto para llenar de dulces o caramelos, galletas de navidad caseras y crear preciosos lotes de Navidad para los m\u00e1s peque\u00f1os.<\/p>\n<p>Es un detalle muy divertido que encantar\u00e1 a grandes y peque\u00f1os si lo encuentran en su sitio de la mesa en casa, en comidas de empresa o simplemente como regalo o para decorar en estas fiestas.<\/p>\n<p>Tambi\u00e9n es muy popular para que en colegios o academias, los profesores le hagan un peque\u00f1o regalito relleno con dulces a los m\u00e1s peque\u00f1os antes de las vacaciones de Navidad.<\/p>\n<p>Gracias a su forma y dise\u00f1o, es un packaging de Navidad muy vers\u00e1til y permite jugar con la imaginaci\u00f3n para hacer creaciones propias y muy navide\u00f1as.<\/p>\n<p>M\u00e1s Informaci\u00f3n<br \/>\nM\u00e1s Informaci\u00f3n<br \/>\nNombre de art\u00edculo\tCaja Pap\u00e1 Noel y m.nieve con ventana transparente<br \/>\nC\u00f3digo de barras\t8435632815524<br \/>\nFamilia\tNAVIDAD<br \/>\nAncho (cm)\t8<br \/>\nAlto (cm)\t18<br \/>\nFondo (cm)\t8<\/p>\n","protected":false},"excerpt":{"rendered":"<p>Surtido de 12 cajitas navide\u00f1as disponibles en dos modelos Pap\u00e1 Noel y Mu\u00f1eco de nieve con ventana transparente que permite ver el contenido. Sin duda son el complemento navide\u00f1o perfecto para llenar de dulces o [&hellip;]<\/p>\n","protected":false},"featured_media":13879,"template":"","meta":[],"product_brand":[],"product_cat":[283],"product_tag":[],"class_list":{"0":"post-9770","1":"product","2":"type-product","3":"status-publish","4":"has-post-thumbnail","6":"product_cat-navidad","7":"clearfix","9":"first","10":"instock","11":"shipping-taxable","12":"purchasable","13":"product-type-simple"},"_links":{"self":[{"href":"https:\/\/www.misdetallesdeboda.com\/detalles\/wp-json\/wp\/v2\/product\/9770","targetHints":{"allow":["GET"]}}],"collection":[{"href":"https:\/\/www.misdetallesdeboda.com\/detalles\/wp-json\/wp\/v2\/product"}],"about":[{"href":"https:\/\/www.misdetallesdeboda.com\/detalles\/wp-json\/wp\/v2\/types\/product"}],"wp:featuredmedia":[{"embeddable":true,"href":"https:\/\/www.misdetallesdeboda.com\/detalles\/wp-json\/wp\/v2\/media\/13879"}],"wp:attachment":[{"href":"https:\/\/www.misdetallesdeboda.com\/detalles\/wp-json\/wp\/v2\/media?parent=9770"}],"wp:term":[{"taxonomy":"product_brand","embeddable":true,"href":"https:\/\/www.misdetallesdeboda.com\/detalles\/wp-json\/wp\/v2\/product_brand?post=9770"},{"taxonomy":"product_cat","embeddable":true,"href":"https:\/\/www.misdetallesdeboda.com\/detalles\/wp-json\/wp\/v2\/product_cat?post=9770"},{"taxonomy":"product_tag","embeddable":true,"href":"https:\/\/www.misdetallesdeboda.com\/detalles\/wp-json\/wp\/v2\/product_tag?post=9770"}],"curies":[{"name":"wp","href":"https:\/\/api.w.org\/{rel}","templated":true}]}}