{"id":9768,"date":"2018-11-25T18:48:11","date_gmt":"2018-11-25T18:48:11","guid":{"rendered":"http:\/\/www.misdetallesdeboda.com\/detalles\/?post_type=product&#038;p=9768"},"modified":"2018-11-25T18:48:11","modified_gmt":"2018-11-25T18:48:11","slug":"botella-de-cristal-navidad-con-caramelos","status":"publish","type":"product","link":"https:\/\/www.misdetallesdeboda.com\/detalles\/producto\/botella-de-cristal-navidad-con-caramelos\/","title":{"rendered":"Botella de cristal navidad con caramelos"},"content":{"rendered":"<p>Preciosas botellas de cristal con forma de botella de leche vintage con un bonito adhesivo navide\u00f1o para felicitar estas fiestas de una manera muy original y dulce ya que contiene 15 caramelos de sabor afrutado. La tapa es de rosca y pajita de pl\u00e1stico reutilizable.Apto para l\u00edquidos y s\u00f3lidos. V\u00e1lido para lavavajillas.<br \/>\nSe recomienda que la tapa y pajita se lave a mano.<br \/>\nLos pedidos deben ser multiplos de 8: 8,16,24,etc<\/p>\n","protected":false},"excerpt":{"rendered":"<p>Preciosas botellas de cristal con forma de botella de leche vintage con un bonito adhesivo navide\u00f1o para felicitar estas fiestas de una manera muy original y dulce ya que contiene 15 caramelos de sabor afrutado. [&hellip;]<\/p>\n","protected":false},"featured_media":9769,"template":"","meta":[],"product_brand":[],"product_cat":[283],"product_tag":[],"class_list":{"0":"post-9768","1":"product","2":"type-product","3":"status-publish","4":"has-post-thumbnail","6":"product_cat-navidad","7":"clearfix","9":"first","10":"instock","11":"shipping-taxable","12":"purchasable","13":"product-type-simple"},"_links":{"self":[{"href":"https:\/\/www.misdetallesdeboda.com\/detalles\/wp-json\/wp\/v2\/product\/9768","targetHints":{"allow":["GET"]}}],"collection":[{"href":"https:\/\/www.misdetallesdeboda.com\/detalles\/wp-json\/wp\/v2\/product"}],"about":[{"href":"https:\/\/www.misdetallesdeboda.com\/detalles\/wp-json\/wp\/v2\/types\/product"}],"wp:featuredmedia":[{"embeddable":true,"href":"https:\/\/www.misdetallesdeboda.com\/detalles\/wp-json\/wp\/v2\/media\/9769"}],"wp:attachment":[{"href":"https:\/\/www.misdetallesdeboda.com\/detalles\/wp-json\/wp\/v2\/media?parent=9768"}],"wp:term":[{"taxonomy":"product_brand","embeddable":true,"href":"https:\/\/www.misdetallesdeboda.com\/detalles\/wp-json\/wp\/v2\/product_brand?post=9768"},{"taxonomy":"product_cat","embeddable":true,"href":"https:\/\/www.misdetallesdeboda.com\/detalles\/wp-json\/wp\/v2\/product_cat?post=9768"},{"taxonomy":"product_tag","embeddable":true,"href":"https:\/\/www.misdetallesdeboda.com\/detalles\/wp-json\/wp\/v2\/product_tag?post=9768"}],"curies":[{"name":"wp","href":"https:\/\/api.w.org\/{rel}","templated":true}]}}