{"id":9766,"date":"2018-11-25T18:44:58","date_gmt":"2018-11-25T18:44:58","guid":{"rendered":"http:\/\/www.misdetallesdeboda.com\/detalles\/?post_type=product&#038;p=9766"},"modified":"2018-11-25T18:45:03","modified_gmt":"2018-11-25T18:45:03","slug":"recuerdos-de-navidad-con-chocolate-pinza-y-tarjeta","status":"publish","type":"product","link":"https:\/\/www.misdetallesdeboda.com\/detalles\/producto\/recuerdos-de-navidad-con-chocolate-pinza-y-tarjeta\/","title":{"rendered":"Recuerdo de navidad con chocolate, pinza y tarjeta"},"content":{"rendered":"<p>Preciosas bolsitas de algod\u00f3n con pinzas de madera de 10x12cm. surtidas en 2 modelos de Pap\u00e1 Noel de estilo r\u00fastico.<br \/>\nEs un detalle muy dulce gracias a los 5 caramelos de sabor afrutado y dise\u00f1o exclusivo  que encontrar\u00e1 en su interior.<br \/>\nRecuerdo completo, listo para regalar.<br \/>\nPerfecto para regalar a la familia y amigos en estas fiestas porque adem\u00e1s, le hemos a\u00f1adido una original tarjetita navide\u00f1a.<br \/>\nPedido minimo 10 unidades<\/p>\n","protected":false},"excerpt":{"rendered":"<p>Preciosas bolsitas de algod\u00f3n con pinzas de madera de 10x12cm. surtidas en 2 modelos de Pap\u00e1 Noel de estilo r\u00fastico. Es un detalle muy dulce gracias a los 5 caramelos de sabor afrutado y dise\u00f1o [&hellip;]<\/p>\n","protected":false},"featured_media":9767,"template":"","meta":[],"product_brand":[],"product_cat":[283],"product_tag":[],"class_list":{"0":"post-9766","1":"product","2":"type-product","3":"status-publish","4":"has-post-thumbnail","6":"product_cat-navidad","7":"clearfix","9":"first","10":"instock","11":"shipping-taxable","12":"purchasable","13":"product-type-simple"},"_links":{"self":[{"href":"https:\/\/www.misdetallesdeboda.com\/detalles\/wp-json\/wp\/v2\/product\/9766","targetHints":{"allow":["GET"]}}],"collection":[{"href":"https:\/\/www.misdetallesdeboda.com\/detalles\/wp-json\/wp\/v2\/product"}],"about":[{"href":"https:\/\/www.misdetallesdeboda.com\/detalles\/wp-json\/wp\/v2\/types\/product"}],"wp:featuredmedia":[{"embeddable":true,"href":"https:\/\/www.misdetallesdeboda.com\/detalles\/wp-json\/wp\/v2\/media\/9767"}],"wp:attachment":[{"href":"https:\/\/www.misdetallesdeboda.com\/detalles\/wp-json\/wp\/v2\/media?parent=9766"}],"wp:term":[{"taxonomy":"product_brand","embeddable":true,"href":"https:\/\/www.misdetallesdeboda.com\/detalles\/wp-json\/wp\/v2\/product_brand?post=9766"},{"taxonomy":"product_cat","embeddable":true,"href":"https:\/\/www.misdetallesdeboda.com\/detalles\/wp-json\/wp\/v2\/product_cat?post=9766"},{"taxonomy":"product_tag","embeddable":true,"href":"https:\/\/www.misdetallesdeboda.com\/detalles\/wp-json\/wp\/v2\/product_tag?post=9766"}],"curies":[{"name":"wp","href":"https:\/\/api.w.org\/{rel}","templated":true}]}}