{"id":9762,"date":"2018-11-25T18:40:04","date_gmt":"2018-11-25T18:40:04","guid":{"rendered":"http:\/\/www.misdetallesdeboda.com\/detalles\/?post_type=product&#038;p=9762"},"modified":"2018-11-25T18:40:04","modified_gmt":"2018-11-25T18:40:04","slug":"mini-calcetines-de-navidad-con-chocolate","status":"publish","type":"product","link":"https:\/\/www.misdetallesdeboda.com\/detalles\/producto\/mini-calcetines-de-navidad-con-chocolate\/","title":{"rendered":"Mini calcetines de navidad con chocolate"},"content":{"rendered":"<p>Estos bonitos calcetines de 9x15x1cm. son perfectos para colgar por ejemplo del \u00e1rbol de Navidad gracias al cord\u00f3n superior. Para hacerlo m\u00e1s dulce mopec le ha a\u00f1adido 2 riqu\u00edsimas pastillas de chocolate con leche al 32% de cacao. Tambi\u00e9n lo puede utilizar como decoraci\u00f3n en el envoltorio de regalos. Confeccionados con tela de saco.<br \/>\nIdeal para regalar en navidad como peque\u00f1o recuerdo navide\u00f1o, recuerdo navidad para alumnos y grupos de amigos<br \/>\nPedido m\u00ednimo 10 unidades<\/p>\n","protected":false},"excerpt":{"rendered":"<p>Estos bonitos calcetines de 9x15x1cm. son perfectos para colgar por ejemplo del \u00e1rbol de Navidad gracias al cord\u00f3n superior. Para hacerlo m\u00e1s dulce mopec le ha a\u00f1adido 2 riqu\u00edsimas pastillas de chocolate con leche al [&hellip;]<\/p>\n","protected":false},"featured_media":9763,"template":"","meta":[],"product_brand":[],"product_cat":[283],"product_tag":[],"class_list":{"0":"post-9762","1":"product","2":"type-product","3":"status-publish","4":"has-post-thumbnail","6":"product_cat-navidad","7":"clearfix","9":"first","10":"instock","11":"shipping-taxable","12":"purchasable","13":"product-type-simple"},"_links":{"self":[{"href":"https:\/\/www.misdetallesdeboda.com\/detalles\/wp-json\/wp\/v2\/product\/9762","targetHints":{"allow":["GET"]}}],"collection":[{"href":"https:\/\/www.misdetallesdeboda.com\/detalles\/wp-json\/wp\/v2\/product"}],"about":[{"href":"https:\/\/www.misdetallesdeboda.com\/detalles\/wp-json\/wp\/v2\/types\/product"}],"wp:featuredmedia":[{"embeddable":true,"href":"https:\/\/www.misdetallesdeboda.com\/detalles\/wp-json\/wp\/v2\/media\/9763"}],"wp:attachment":[{"href":"https:\/\/www.misdetallesdeboda.com\/detalles\/wp-json\/wp\/v2\/media?parent=9762"}],"wp:term":[{"taxonomy":"product_brand","embeddable":true,"href":"https:\/\/www.misdetallesdeboda.com\/detalles\/wp-json\/wp\/v2\/product_brand?post=9762"},{"taxonomy":"product_cat","embeddable":true,"href":"https:\/\/www.misdetallesdeboda.com\/detalles\/wp-json\/wp\/v2\/product_cat?post=9762"},{"taxonomy":"product_tag","embeddable":true,"href":"https:\/\/www.misdetallesdeboda.com\/detalles\/wp-json\/wp\/v2\/product_tag?post=9762"}],"curies":[{"name":"wp","href":"https:\/\/api.w.org\/{rel}","templated":true}]}}