{"id":9760,"date":"2018-11-25T18:28:06","date_gmt":"2018-11-25T18:28:06","guid":{"rendered":"http:\/\/www.misdetallesdeboda.com\/detalles\/?post_type=product&#038;p=9760"},"modified":"2018-11-25T18:28:06","modified_gmt":"2018-11-25T18:28:06","slug":"mini-arbol-de-navidad-recuerdo-de-navidad","status":"publish","type":"product","link":"https:\/\/www.misdetallesdeboda.com\/detalles\/producto\/mini-arbol-de-navidad-recuerdo-de-navidad\/","title":{"rendered":"Mini arbol de navidad recuerdo de navidad"},"content":{"rendered":"<p>\u00c1rbol decorativo de fieltro de 18cm.aprox. con base tronco de madera<\/p>\n<p>Bonitas figuras decorativas con volumen con forma de abeto y confeccionadas en fieltro y con base de tronquito de madera. Perfecto para decoraci\u00f3n ya que transporta al instante a un mundo m\u00e1gico.<br \/>\nLas medidas son aproximadas ya que al tener la base de madera natural, podr\u00e1 variar el tama\u00f1o y tambi\u00e9n el aspecto de la pieza. Regale estas fiestas un poco de naturaleza navide\u00f1a.<br \/>\nPedido m\u00ednimo 10 unidades<\/p>\n","protected":false},"excerpt":{"rendered":"<p>\u00c1rbol decorativo de fieltro de 18cm.aprox. con base tronco de madera Bonitas figuras decorativas con volumen con forma de abeto y confeccionadas en fieltro y con base de tronquito de madera. Perfecto para decoraci\u00f3n ya [&hellip;]<\/p>\n","protected":false},"featured_media":9761,"template":"","meta":[],"product_brand":[],"product_cat":[283],"product_tag":[],"class_list":{"0":"post-9760","1":"product","2":"type-product","3":"status-publish","4":"has-post-thumbnail","6":"product_cat-navidad","7":"clearfix","9":"first","10":"instock","11":"shipping-taxable","12":"purchasable","13":"product-type-simple"},"_links":{"self":[{"href":"https:\/\/www.misdetallesdeboda.com\/detalles\/wp-json\/wp\/v2\/product\/9760","targetHints":{"allow":["GET"]}}],"collection":[{"href":"https:\/\/www.misdetallesdeboda.com\/detalles\/wp-json\/wp\/v2\/product"}],"about":[{"href":"https:\/\/www.misdetallesdeboda.com\/detalles\/wp-json\/wp\/v2\/types\/product"}],"wp:featuredmedia":[{"embeddable":true,"href":"https:\/\/www.misdetallesdeboda.com\/detalles\/wp-json\/wp\/v2\/media\/9761"}],"wp:attachment":[{"href":"https:\/\/www.misdetallesdeboda.com\/detalles\/wp-json\/wp\/v2\/media?parent=9760"}],"wp:term":[{"taxonomy":"product_brand","embeddable":true,"href":"https:\/\/www.misdetallesdeboda.com\/detalles\/wp-json\/wp\/v2\/product_brand?post=9760"},{"taxonomy":"product_cat","embeddable":true,"href":"https:\/\/www.misdetallesdeboda.com\/detalles\/wp-json\/wp\/v2\/product_cat?post=9760"},{"taxonomy":"product_tag","embeddable":true,"href":"https:\/\/www.misdetallesdeboda.com\/detalles\/wp-json\/wp\/v2\/product_tag?post=9760"}],"curies":[{"name":"wp","href":"https:\/\/api.w.org\/{rel}","templated":true}]}}