{"id":9506,"date":"2018-09-24T09:57:40","date_gmt":"2018-09-24T09:57:40","guid":{"rendered":"http:\/\/www.misdetallesdeboda.com\/detalles\/producto\/abanico-original-para-recuerdo\/"},"modified":"2025-03-24T17:17:45","modified_gmt":"2025-03-24T17:17:45","slug":"abanico-rojo","status":"publish","type":"product","link":"https:\/\/www.misdetallesdeboda.com\/detalles\/producto\/abanico-rojo\/","title":{"rendered":"Abanico pl\u00e1stico y tela colores a elegir 23cm"},"content":{"rendered":"<p>Abanico de varillas de pl\u00e1stico y tela de poli\u00e9ster en colores a elegir entre rojo, fucsia, blanco, verde, azul y amarillo<\/p>\n<p>Presentado individualmente en caja de cart\u00f3n.<\/p>\n<p>Medidas del abanico: 43 x 23 cm.<\/p>\n<p>Peso: 47 gr.<\/p>\n<p>Pedido m\u00ednimo 10 unidades<\/p>\n<p>Especificar colores elegidos en apartado de comentarios del pedido<\/p>\n","protected":false},"excerpt":{"rendered":"<p>Abanico de varillas de pl\u00e1stico y tela de poli\u00e9ster en colores a elegir entre rojo, fucsia, blanco, verde, azul y amarillo Presentado individualmente en caja de cart\u00f3n. Medidas del abanico: 43 x 23 cm. Peso: [&hellip;]<\/p>\n","protected":false},"featured_media":11906,"template":"","meta":[],"product_brand":[],"product_cat":[13],"product_tag":[155],"class_list":{"0":"post-9506","1":"product","2":"type-product","3":"status-publish","4":"has-post-thumbnail","6":"product_cat-abanicos","7":"product_tag-abanico-23cm","8":"clearfix","10":"first","11":"instock","12":"shipping-taxable","13":"purchasable","14":"product-type-simple"},"_links":{"self":[{"href":"https:\/\/www.misdetallesdeboda.com\/detalles\/wp-json\/wp\/v2\/product\/9506","targetHints":{"allow":["GET"]}}],"collection":[{"href":"https:\/\/www.misdetallesdeboda.com\/detalles\/wp-json\/wp\/v2\/product"}],"about":[{"href":"https:\/\/www.misdetallesdeboda.com\/detalles\/wp-json\/wp\/v2\/types\/product"}],"wp:featuredmedia":[{"embeddable":true,"href":"https:\/\/www.misdetallesdeboda.com\/detalles\/wp-json\/wp\/v2\/media\/11906"}],"wp:attachment":[{"href":"https:\/\/www.misdetallesdeboda.com\/detalles\/wp-json\/wp\/v2\/media?parent=9506"}],"wp:term":[{"taxonomy":"product_brand","embeddable":true,"href":"https:\/\/www.misdetallesdeboda.com\/detalles\/wp-json\/wp\/v2\/product_brand?post=9506"},{"taxonomy":"product_cat","embeddable":true,"href":"https:\/\/www.misdetallesdeboda.com\/detalles\/wp-json\/wp\/v2\/product_cat?post=9506"},{"taxonomy":"product_tag","embeddable":true,"href":"https:\/\/www.misdetallesdeboda.com\/detalles\/wp-json\/wp\/v2\/product_tag?post=9506"}],"curies":[{"name":"wp","href":"https:\/\/api.w.org\/{rel}","templated":true}]}}