{"id":8499,"date":"2018-04-04T07:30:34","date_gmt":"2018-04-04T07:30:34","guid":{"rendered":"http:\/\/www.misdetallesdeboda.com\/detalles\/producto\/paipai-plegable-sandia\/"},"modified":"2022-08-10T18:03:46","modified_gmt":"2022-08-10T18:03:46","slug":"paipai-plegable-sandia","status":"publish","type":"product","link":"https:\/\/www.misdetallesdeboda.com\/detalles\/producto\/paipai-plegable-sandia\/","title":{"rendered":"Paipai plegable sand\u00eda"},"content":{"rendered":"<p>Original y practico pai pai para bodas bautizos y comuniones<\/p>\n<p>Hecho de pl\u00e1stico y papel con el dibujo de sand\u00eda<\/p>\n<p>Pedido m\u00ednimo 10 unidades<\/p>\n","protected":false},"excerpt":{"rendered":"<p>Original y practico pai pai para bodas bautizos y comuniones Hecho de pl\u00e1stico y papel con el dibujo de sand\u00eda Pedido m\u00ednimo 10 unidades<\/p>\n","protected":false},"featured_media":8496,"template":"","meta":[],"product_brand":[],"product_cat":[109],"product_tag":[214],"class_list":{"0":"post-8499","1":"product","2":"type-product","3":"status-publish","4":"has-post-thumbnail","6":"product_cat-paipai-2","7":"product_tag-boda-color-rojo","8":"clearfix","10":"first","11":"outofstock","12":"shipping-taxable","13":"purchasable","14":"product-type-simple"},"_links":{"self":[{"href":"https:\/\/www.misdetallesdeboda.com\/detalles\/wp-json\/wp\/v2\/product\/8499","targetHints":{"allow":["GET"]}}],"collection":[{"href":"https:\/\/www.misdetallesdeboda.com\/detalles\/wp-json\/wp\/v2\/product"}],"about":[{"href":"https:\/\/www.misdetallesdeboda.com\/detalles\/wp-json\/wp\/v2\/types\/product"}],"wp:featuredmedia":[{"embeddable":true,"href":"https:\/\/www.misdetallesdeboda.com\/detalles\/wp-json\/wp\/v2\/media\/8496"}],"wp:attachment":[{"href":"https:\/\/www.misdetallesdeboda.com\/detalles\/wp-json\/wp\/v2\/media?parent=8499"}],"wp:term":[{"taxonomy":"product_brand","embeddable":true,"href":"https:\/\/www.misdetallesdeboda.com\/detalles\/wp-json\/wp\/v2\/product_brand?post=8499"},{"taxonomy":"product_cat","embeddable":true,"href":"https:\/\/www.misdetallesdeboda.com\/detalles\/wp-json\/wp\/v2\/product_cat?post=8499"},{"taxonomy":"product_tag","embeddable":true,"href":"https:\/\/www.misdetallesdeboda.com\/detalles\/wp-json\/wp\/v2\/product_tag?post=8499"}],"curies":[{"name":"wp","href":"https:\/\/api.w.org\/{rel}","templated":true}]}}