{"id":8392,"date":"2018-03-23T18:58:02","date_gmt":"2018-03-23T18:58:02","guid":{"rendered":"http:\/\/www.misdetallesdeboda.com\/detalles\/producto\/lacasitos-colores-recuerdo-invitados\/"},"modified":"2018-09-24T15:50:17","modified_gmt":"2018-09-24T15:50:17","slug":"regalito-comunion-nino","status":"publish","type":"product","link":"https:\/\/www.misdetallesdeboda.com\/detalles\/producto\/regalito-comunion-nino\/","title":{"rendered":"Caja comuni\u00f3n con llavero"},"content":{"rendered":"<p>Este estuche elegante contiene 3 crujientes peladillas de chocolate con leche.<br \/>\nEl im\u00e1n es un elemento muy decorativo ya que puedes colocarlos en la nevera o en cualquier otra superficie met\u00e1lica.<br \/>\nPedido m\u00ednimo 20 unidades<br \/>\nSe puede elegir el color de la cajita: azul, blanca o surtidas<br \/>\nAtenci\u00f3n: grabaci\u00f3n a parte, caja grabada 1\u20ac adicional<\/p>\n","protected":false},"excerpt":{"rendered":"<p>Este estuche elegante contiene 3 crujientes peladillas de chocolate con leche. El im\u00e1n es un elemento muy decorativo ya que puedes colocarlos en la nevera o en cualquier otra superficie met\u00e1lica. Pedido m\u00ednimo 20 unidades [&hellip;]<\/p>\n","protected":false},"featured_media":9530,"template":"","meta":[],"product_brand":[],"product_cat":[25],"product_tag":[164],"class_list":{"0":"post-8392","1":"product","2":"type-product","3":"status-publish","4":"has-post-thumbnail","6":"product_cat-bombones","7":"product_tag-comunion-nino","8":"clearfix","10":"first","11":"instock","12":"shipping-taxable","13":"purchasable","14":"product-type-variable"},"_links":{"self":[{"href":"https:\/\/www.misdetallesdeboda.com\/detalles\/wp-json\/wp\/v2\/product\/8392","targetHints":{"allow":["GET"]}}],"collection":[{"href":"https:\/\/www.misdetallesdeboda.com\/detalles\/wp-json\/wp\/v2\/product"}],"about":[{"href":"https:\/\/www.misdetallesdeboda.com\/detalles\/wp-json\/wp\/v2\/types\/product"}],"wp:featuredmedia":[{"embeddable":true,"href":"https:\/\/www.misdetallesdeboda.com\/detalles\/wp-json\/wp\/v2\/media\/9530"}],"wp:attachment":[{"href":"https:\/\/www.misdetallesdeboda.com\/detalles\/wp-json\/wp\/v2\/media?parent=8392"}],"wp:term":[{"taxonomy":"product_brand","embeddable":true,"href":"https:\/\/www.misdetallesdeboda.com\/detalles\/wp-json\/wp\/v2\/product_brand?post=8392"},{"taxonomy":"product_cat","embeddable":true,"href":"https:\/\/www.misdetallesdeboda.com\/detalles\/wp-json\/wp\/v2\/product_cat?post=8392"},{"taxonomy":"product_tag","embeddable":true,"href":"https:\/\/www.misdetallesdeboda.com\/detalles\/wp-json\/wp\/v2\/product_tag?post=8392"}],"curies":[{"name":"wp","href":"https:\/\/api.w.org\/{rel}","templated":true}]}}