{"id":8276,"date":"2018-03-13T07:45:31","date_gmt":"2018-03-13T07:45:31","guid":{"rendered":"http:\/\/www.misdetallesdeboda.com\/detalles\/?post_type=product&#038;p=8276"},"modified":"2018-03-13T07:45:31","modified_gmt":"2018-03-13T07:45:31","slug":"iman-retro-cupcake","status":"publish","type":"product","link":"https:\/\/www.misdetallesdeboda.com\/detalles\/producto\/iman-retro-cupcake\/","title":{"rendered":"Im\u00e1n retro cupcake"},"content":{"rendered":"<p>IMAN RETRO CUPCAKE para recuerdo de invitados de boda bautizo y comuni\u00f3n<\/p>\n<p>Original im\u00e1n con motivos vintage ideal para decorar las neveras de forma divertida<\/p>\n<p>Material: cer\u00e1mica<\/p>\n<p>Se sirve surtido en los 3 dise\u00f1os disponibles<\/p>\n<p>Medida iman: 6 x 8cm<\/p>\n<p>Pedido m\u00ednimo 10 unidades<\/p>\n","protected":false},"excerpt":{"rendered":"<p>IMAN RETRO CUPCAKE para recuerdo de invitados de boda bautizo y comuni\u00f3n Original im\u00e1n con motivos vintage ideal para decorar las neveras de forma divertida Material: cer\u00e1mica Se sirve surtido en los 3 dise\u00f1os disponibles [&hellip;]<\/p>\n","protected":false},"featured_media":8277,"template":"","meta":[],"product_brand":[],"product_cat":[39],"product_tag":[157],"class_list":{"0":"post-8276","1":"product","2":"type-product","3":"status-publish","4":"has-post-thumbnail","6":"product_cat-regalosoriginales","7":"product_tag-cupcake","8":"clearfix","10":"first","11":"instock","12":"shipping-taxable","13":"purchasable","14":"product-type-simple"},"_links":{"self":[{"href":"https:\/\/www.misdetallesdeboda.com\/detalles\/wp-json\/wp\/v2\/product\/8276","targetHints":{"allow":["GET"]}}],"collection":[{"href":"https:\/\/www.misdetallesdeboda.com\/detalles\/wp-json\/wp\/v2\/product"}],"about":[{"href":"https:\/\/www.misdetallesdeboda.com\/detalles\/wp-json\/wp\/v2\/types\/product"}],"wp:featuredmedia":[{"embeddable":true,"href":"https:\/\/www.misdetallesdeboda.com\/detalles\/wp-json\/wp\/v2\/media\/8277"}],"wp:attachment":[{"href":"https:\/\/www.misdetallesdeboda.com\/detalles\/wp-json\/wp\/v2\/media?parent=8276"}],"wp:term":[{"taxonomy":"product_brand","embeddable":true,"href":"https:\/\/www.misdetallesdeboda.com\/detalles\/wp-json\/wp\/v2\/product_brand?post=8276"},{"taxonomy":"product_cat","embeddable":true,"href":"https:\/\/www.misdetallesdeboda.com\/detalles\/wp-json\/wp\/v2\/product_cat?post=8276"},{"taxonomy":"product_tag","embeddable":true,"href":"https:\/\/www.misdetallesdeboda.com\/detalles\/wp-json\/wp\/v2\/product_tag?post=8276"}],"curies":[{"name":"wp","href":"https:\/\/api.w.org\/{rel}","templated":true}]}}