{"id":8235,"date":"2018-03-05T19:58:55","date_gmt":"2018-03-05T19:58:55","guid":{"rendered":"http:\/\/www.misdetallesdeboda.com\/detalles\/producto\/quemador-de-aceite-liso-regalo\/"},"modified":"2018-08-24T17:55:30","modified_gmt":"2018-08-24T17:55:30","slug":"balsamo-labios-boda-recuerdo","status":"publish","type":"product","link":"https:\/\/www.misdetallesdeboda.com\/detalles\/producto\/balsamo-labios-boda-recuerdo\/","title":{"rendered":"Balsamo labial sirena"},"content":{"rendered":"<p>Nuevo modelo de b\u00e1lsamo con purpurina. Bonito dise\u00f1o en forma de sirenita.<\/p>\n<p>Medidas: 4,5cm alto x 5cm largo x 3cm ancho.<\/p>\n<p>Aroma del b\u00e1lsamo: Sandia.<\/p>\n<p>Presentado el bolsita de celof\u00e1n transparente.<\/p>\n<p>&nbsp;<\/p>\n<p>Pedido m\u00ednimo 10 unidades<\/p>\n","protected":false},"excerpt":{"rendered":"<p>Nuevo modelo de b\u00e1lsamo con purpurina. Bonito dise\u00f1o en forma de sirenita. Medidas: 4,5cm alto x 5cm largo x 3cm ancho. Aroma del b\u00e1lsamo: Sandia. Presentado el bolsita de celof\u00e1n transparente. &nbsp; Pedido m\u00ednimo 10 [&hellip;]<\/p>\n","protected":false},"featured_media":9337,"template":"","meta":[],"product_brand":[],"product_cat":[21],"product_tag":[],"class_list":{"0":"post-8235","1":"product","2":"type-product","3":"status-publish","4":"has-post-thumbnail","6":"product_cat-aromaterapia","7":"clearfix","9":"first","10":"instock","11":"shipping-taxable","12":"purchasable","13":"product-type-simple"},"_links":{"self":[{"href":"https:\/\/www.misdetallesdeboda.com\/detalles\/wp-json\/wp\/v2\/product\/8235","targetHints":{"allow":["GET"]}}],"collection":[{"href":"https:\/\/www.misdetallesdeboda.com\/detalles\/wp-json\/wp\/v2\/product"}],"about":[{"href":"https:\/\/www.misdetallesdeboda.com\/detalles\/wp-json\/wp\/v2\/types\/product"}],"wp:featuredmedia":[{"embeddable":true,"href":"https:\/\/www.misdetallesdeboda.com\/detalles\/wp-json\/wp\/v2\/media\/9337"}],"wp:attachment":[{"href":"https:\/\/www.misdetallesdeboda.com\/detalles\/wp-json\/wp\/v2\/media?parent=8235"}],"wp:term":[{"taxonomy":"product_brand","embeddable":true,"href":"https:\/\/www.misdetallesdeboda.com\/detalles\/wp-json\/wp\/v2\/product_brand?post=8235"},{"taxonomy":"product_cat","embeddable":true,"href":"https:\/\/www.misdetallesdeboda.com\/detalles\/wp-json\/wp\/v2\/product_cat?post=8235"},{"taxonomy":"product_tag","embeddable":true,"href":"https:\/\/www.misdetallesdeboda.com\/detalles\/wp-json\/wp\/v2\/product_tag?post=8235"}],"curies":[{"name":"wp","href":"https:\/\/api.w.org\/{rel}","templated":true}]}}