{"id":8124,"date":"2018-03-02T20:54:47","date_gmt":"2018-03-02T20:54:47","guid":{"rendered":"http:\/\/www.misdetallesdeboda.com\/detalles\/producto\/monedero-nina-recuerdo-comunion-original\/"},"modified":"2023-03-21T17:40:58","modified_gmt":"2023-03-21T17:40:58","slug":"monedero-nina-recuerdo-comunion-original","status":"publish","type":"product","link":"https:\/\/www.misdetallesdeboda.com\/detalles\/producto\/monedero-nina-recuerdo-comunion-original\/","title":{"rendered":"Monedero ni\u00f1a recuerdo comuni\u00f3n original"},"content":{"rendered":"<p>Gracioso monedero ni\u00f1a comuni\u00f3n<\/p>\n<p>Color azul<\/p>\n<p>Ideal para recuerdo de comuni\u00f3n, se puede rellenarlo con bombones y caramelos para un recuerdo m\u00e1s dulce<\/p>\n<p>Pedido m\u00ednimo 10 unidades<\/p>\n","protected":false},"excerpt":{"rendered":"<p>Gracioso monedero ni\u00f1a comuni\u00f3n Color azul Ideal para recuerdo de comuni\u00f3n, se puede rellenarlo con bombones y caramelos para un recuerdo m\u00e1s dulce Pedido m\u00ednimo 10 unidades<\/p>\n","protected":false},"featured_media":8125,"template":"","meta":[],"product_brand":[],"product_cat":[42,68],"product_tag":[165],"class_list":{"0":"post-8124","1":"product","2":"type-product","3":"status-publish","4":"has-post-thumbnail","6":"product_cat-comunion","7":"product_cat-monederos_billeteros","8":"product_tag-comunion-nina","9":"clearfix","11":"first","12":"outofstock","13":"shipping-taxable","14":"purchasable","15":"product-type-simple"},"_links":{"self":[{"href":"https:\/\/www.misdetallesdeboda.com\/detalles\/wp-json\/wp\/v2\/product\/8124","targetHints":{"allow":["GET"]}}],"collection":[{"href":"https:\/\/www.misdetallesdeboda.com\/detalles\/wp-json\/wp\/v2\/product"}],"about":[{"href":"https:\/\/www.misdetallesdeboda.com\/detalles\/wp-json\/wp\/v2\/types\/product"}],"wp:featuredmedia":[{"embeddable":true,"href":"https:\/\/www.misdetallesdeboda.com\/detalles\/wp-json\/wp\/v2\/media\/8125"}],"wp:attachment":[{"href":"https:\/\/www.misdetallesdeboda.com\/detalles\/wp-json\/wp\/v2\/media?parent=8124"}],"wp:term":[{"taxonomy":"product_brand","embeddable":true,"href":"https:\/\/www.misdetallesdeboda.com\/detalles\/wp-json\/wp\/v2\/product_brand?post=8124"},{"taxonomy":"product_cat","embeddable":true,"href":"https:\/\/www.misdetallesdeboda.com\/detalles\/wp-json\/wp\/v2\/product_cat?post=8124"},{"taxonomy":"product_tag","embeddable":true,"href":"https:\/\/www.misdetallesdeboda.com\/detalles\/wp-json\/wp\/v2\/product_tag?post=8124"}],"curies":[{"name":"wp","href":"https:\/\/api.w.org\/{rel}","templated":true}]}}