{"id":8120,"date":"2018-03-02T19:20:26","date_gmt":"2018-03-02T19:20:26","guid":{"rendered":"http:\/\/www.misdetallesdeboda.com\/detalles\/?post_type=product&#038;p=8120"},"modified":"2018-03-02T19:20:26","modified_gmt":"2018-03-02T19:20:26","slug":"balsamo-labios-buho","status":"publish","type":"product","link":"https:\/\/www.misdetallesdeboda.com\/detalles\/producto\/balsamo-labios-buho\/","title":{"rendered":"B\u00e1lsamo labios buho"},"content":{"rendered":"<p>B\u00c1LSAMO LABIOS BUHO, brillo de l\u00e1bios, lip gloss para recuerdo de invitadas<\/p>\n<p>Divertido b\u00e1lsamo labial en forma de buho.<\/p>\n<p>Se sirven surtidos en 4 colores.<\/p>\n<p>Medidas: 3.5 x 3.5cm<\/p>\n<p>Pedido m\u00ednimo 10 unidades<\/p>\n","protected":false},"excerpt":{"rendered":"<p>B\u00c1LSAMO LABIOS BUHO, brillo de l\u00e1bios, lip gloss para recuerdo de invitadas Divertido b\u00e1lsamo labial en forma de buho. Se sirven surtidos en 4 colores. Medidas: 3.5 x 3.5cm Pedido m\u00ednimo 10 unidades<\/p>\n","protected":false},"featured_media":8121,"template":"","meta":[],"product_brand":[],"product_cat":[21],"product_tag":[206],"class_list":{"0":"post-8120","1":"product","2":"type-product","3":"status-publish","4":"has-post-thumbnail","6":"product_cat-aromaterapia","7":"product_tag-boda-tematica-buhos","8":"clearfix","10":"first","11":"instock","12":"shipping-taxable","13":"purchasable","14":"product-type-simple"},"_links":{"self":[{"href":"https:\/\/www.misdetallesdeboda.com\/detalles\/wp-json\/wp\/v2\/product\/8120","targetHints":{"allow":["GET"]}}],"collection":[{"href":"https:\/\/www.misdetallesdeboda.com\/detalles\/wp-json\/wp\/v2\/product"}],"about":[{"href":"https:\/\/www.misdetallesdeboda.com\/detalles\/wp-json\/wp\/v2\/types\/product"}],"wp:featuredmedia":[{"embeddable":true,"href":"https:\/\/www.misdetallesdeboda.com\/detalles\/wp-json\/wp\/v2\/media\/8121"}],"wp:attachment":[{"href":"https:\/\/www.misdetallesdeboda.com\/detalles\/wp-json\/wp\/v2\/media?parent=8120"}],"wp:term":[{"taxonomy":"product_brand","embeddable":true,"href":"https:\/\/www.misdetallesdeboda.com\/detalles\/wp-json\/wp\/v2\/product_brand?post=8120"},{"taxonomy":"product_cat","embeddable":true,"href":"https:\/\/www.misdetallesdeboda.com\/detalles\/wp-json\/wp\/v2\/product_cat?post=8120"},{"taxonomy":"product_tag","embeddable":true,"href":"https:\/\/www.misdetallesdeboda.com\/detalles\/wp-json\/wp\/v2\/product_tag?post=8120"}],"curies":[{"name":"wp","href":"https:\/\/api.w.org\/{rel}","templated":true}]}}