{"id":8009,"date":"2018-03-01T13:03:03","date_gmt":"2018-03-01T13:03:03","guid":{"rendered":"http:\/\/www.misdetallesdeboda.com\/detalles\/producto\/caja-emoticonos-de-carton\/"},"modified":"2023-03-21T17:40:58","modified_gmt":"2023-03-21T17:40:58","slug":"caja-emoticonos-de-carton","status":"publish","type":"product","link":"https:\/\/www.misdetallesdeboda.com\/detalles\/producto\/caja-emoticonos-de-carton\/","title":{"rendered":"Bolsita yute sobretela de tul. 10cm x 13cm"},"content":{"rendered":"<p>Bolsita de arpillera de 10x13cm con sobretela de tul marfil. Perfecta para rellenar con dulces o detalles. Si le a\u00f1ade una tarjetita o alg\u00fan elemento que cuelgue personalizar\u00e1 a\u00fan m\u00e1s el detalle.<br \/>\nShort Description<br \/>\nBolsa arpillera 10x13cm. con blonda marfil.<\/p>\n<p>Pedido m\u00ednimo 24 unidades<\/p>\n","protected":false},"excerpt":{"rendered":"<p>Bolsita de arpillera de 10x13cm con sobretela de tul marfil. Perfecta para rellenar con dulces o detalles. Si le a\u00f1ade una tarjetita o alg\u00fan elemento que cuelgue personalizar\u00e1 a\u00fan m\u00e1s el detalle. Short Description Bolsa [&hellip;]<\/p>\n","protected":false},"featured_media":11855,"template":"","meta":[],"product_brand":[],"product_cat":[45,42],"product_tag":[258],"class_list":{"0":"post-8009","1":"product","2":"type-product","3":"status-publish","4":"has-post-thumbnail","6":"product_cat-bolsitas","7":"product_cat-comunion","8":"product_tag-detalle-emoticonos","9":"clearfix","11":"first","12":"outofstock","13":"shipping-taxable","14":"purchasable","15":"product-type-simple"},"_links":{"self":[{"href":"https:\/\/www.misdetallesdeboda.com\/detalles\/wp-json\/wp\/v2\/product\/8009","targetHints":{"allow":["GET"]}}],"collection":[{"href":"https:\/\/www.misdetallesdeboda.com\/detalles\/wp-json\/wp\/v2\/product"}],"about":[{"href":"https:\/\/www.misdetallesdeboda.com\/detalles\/wp-json\/wp\/v2\/types\/product"}],"wp:featuredmedia":[{"embeddable":true,"href":"https:\/\/www.misdetallesdeboda.com\/detalles\/wp-json\/wp\/v2\/media\/11855"}],"wp:attachment":[{"href":"https:\/\/www.misdetallesdeboda.com\/detalles\/wp-json\/wp\/v2\/media?parent=8009"}],"wp:term":[{"taxonomy":"product_brand","embeddable":true,"href":"https:\/\/www.misdetallesdeboda.com\/detalles\/wp-json\/wp\/v2\/product_brand?post=8009"},{"taxonomy":"product_cat","embeddable":true,"href":"https:\/\/www.misdetallesdeboda.com\/detalles\/wp-json\/wp\/v2\/product_cat?post=8009"},{"taxonomy":"product_tag","embeddable":true,"href":"https:\/\/www.misdetallesdeboda.com\/detalles\/wp-json\/wp\/v2\/product_tag?post=8009"}],"curies":[{"name":"wp","href":"https:\/\/api.w.org\/{rel}","templated":true}]}}