{"id":7984,"date":"2018-02-28T16:26:58","date_gmt":"2018-02-28T16:26:58","guid":{"rendered":"http:\/\/www.misdetallesdeboda.com\/detalles\/producto\/toalla-cucurucho-helado-rosa-o-verde\/"},"modified":"2025-05-19T16:46:39","modified_gmt":"2025-05-19T16:46:39","slug":"recuerdo-bodas-de-plata","status":"publish","type":"product","link":"https:\/\/www.misdetallesdeboda.com\/detalles\/producto\/recuerdo-bodas-de-plata\/","title":{"rendered":"Colgante Strass 25 aniversario bodas de plata"},"content":{"rendered":"<p>\tColgante strass 25 a\u00f1os, min.12<\/p>\n<p>\tMedidas aprox.:2x2cm.<br \/>\n\tLigero<br \/>\n\tMuy significativo<br \/>\nAncho (cm)\t2,3<br \/>\nAlto (cm)\t2<br \/>\nFondo (cm)\t0,4<br \/>\nMaterial principal\tMetal<br \/>\nMaterial secundario\tStrass<br \/>\nColor principal\tPlateado<br \/>\nEstilo\tContempor\u00e1neo<br \/>\nColecci\u00f3n\tBodas<br \/>\nN\u00famero de unidades del pack de venta\t12<br \/>\nLos pedidos se sirven en m\u00faltiplos de 12 Precio unitario<\/p>\n","protected":false},"excerpt":{"rendered":"<p>Colgante strass 25 a\u00f1os, min.12 Medidas aprox.:2x2cm. Ligero Muy significativo Ancho (cm) 2,3 Alto (cm) 2 Fondo (cm) 0,4 Material principal Metal Material secundario Strass Color principal Plateado Estilo Contempor\u00e1neo Colecci\u00f3n Bodas N\u00famero de unidades [&hellip;]<\/p>\n","protected":false},"featured_media":17909,"template":"","meta":[],"product_brand":[],"product_cat":[50],"product_tag":[],"class_list":{"0":"post-7984","1":"product","2":"type-product","3":"status-publish","4":"has-post-thumbnail","6":"product_cat-plata","7":"clearfix","9":"first","10":"instock","11":"shipping-taxable","12":"purchasable","13":"product-type-simple"},"_links":{"self":[{"href":"https:\/\/www.misdetallesdeboda.com\/detalles\/wp-json\/wp\/v2\/product\/7984","targetHints":{"allow":["GET"]}}],"collection":[{"href":"https:\/\/www.misdetallesdeboda.com\/detalles\/wp-json\/wp\/v2\/product"}],"about":[{"href":"https:\/\/www.misdetallesdeboda.com\/detalles\/wp-json\/wp\/v2\/types\/product"}],"wp:featuredmedia":[{"embeddable":true,"href":"https:\/\/www.misdetallesdeboda.com\/detalles\/wp-json\/wp\/v2\/media\/17909"}],"wp:attachment":[{"href":"https:\/\/www.misdetallesdeboda.com\/detalles\/wp-json\/wp\/v2\/media?parent=7984"}],"wp:term":[{"taxonomy":"product_brand","embeddable":true,"href":"https:\/\/www.misdetallesdeboda.com\/detalles\/wp-json\/wp\/v2\/product_brand?post=7984"},{"taxonomy":"product_cat","embeddable":true,"href":"https:\/\/www.misdetallesdeboda.com\/detalles\/wp-json\/wp\/v2\/product_cat?post=7984"},{"taxonomy":"product_tag","embeddable":true,"href":"https:\/\/www.misdetallesdeboda.com\/detalles\/wp-json\/wp\/v2\/product_tag?post=7984"}],"curies":[{"name":"wp","href":"https:\/\/api.w.org\/{rel}","templated":true}]}}