{"id":7922,"date":"2018-02-28T08:38:01","date_gmt":"2018-02-28T08:38:01","guid":{"rendered":"http:\/\/www.misdetallesdeboda.com\/detalles\/producto\/carrito-de-bebe-de-jabon-azul\/"},"modified":"2018-02-28T08:38:39","modified_gmt":"2018-02-28T08:38:39","slug":"carrito-de-bebe-de-jabon-azul","status":"publish","type":"product","link":"https:\/\/www.misdetallesdeboda.com\/detalles\/producto\/carrito-de-bebe-de-jabon-azul\/","title":{"rendered":"Carrito de beb\u00e9 de jab\u00f3n azul"},"content":{"rendered":"<p>Jabon en forma de cochecito de beb\u00e9 azul para bautizo ni\u00f1o<\/p>\n<p>Medidas 5x 7 cm<\/p>\n<p>Pedido m\u00ednimo 10 unidades<\/p>\n","protected":false},"excerpt":{"rendered":"<p>Jabon en forma de cochecito de beb\u00e9 azul para bautizo ni\u00f1o Medidas 5x 7 cm Pedido m\u00ednimo 10 unidades<\/p>\n","protected":false},"featured_media":7921,"template":"","meta":[],"product_brand":[],"product_cat":[26,34],"product_tag":[162],"class_list":{"0":"post-7922","1":"product","2":"type-product","3":"status-publish","4":"has-post-thumbnail","6":"product_cat-recuerdos_bautizo","7":"product_cat-jabones","8":"product_tag-bautizo-nino","9":"clearfix","11":"first","12":"instock","13":"shipping-taxable","14":"purchasable","15":"product-type-simple"},"_links":{"self":[{"href":"https:\/\/www.misdetallesdeboda.com\/detalles\/wp-json\/wp\/v2\/product\/7922","targetHints":{"allow":["GET"]}}],"collection":[{"href":"https:\/\/www.misdetallesdeboda.com\/detalles\/wp-json\/wp\/v2\/product"}],"about":[{"href":"https:\/\/www.misdetallesdeboda.com\/detalles\/wp-json\/wp\/v2\/types\/product"}],"wp:featuredmedia":[{"embeddable":true,"href":"https:\/\/www.misdetallesdeboda.com\/detalles\/wp-json\/wp\/v2\/media\/7921"}],"wp:attachment":[{"href":"https:\/\/www.misdetallesdeboda.com\/detalles\/wp-json\/wp\/v2\/media?parent=7922"}],"wp:term":[{"taxonomy":"product_brand","embeddable":true,"href":"https:\/\/www.misdetallesdeboda.com\/detalles\/wp-json\/wp\/v2\/product_brand?post=7922"},{"taxonomy":"product_cat","embeddable":true,"href":"https:\/\/www.misdetallesdeboda.com\/detalles\/wp-json\/wp\/v2\/product_cat?post=7922"},{"taxonomy":"product_tag","embeddable":true,"href":"https:\/\/www.misdetallesdeboda.com\/detalles\/wp-json\/wp\/v2\/product_tag?post=7922"}],"curies":[{"name":"wp","href":"https:\/\/api.w.org\/{rel}","templated":true}]}}