{"id":7911,"date":"2018-02-28T08:13:55","date_gmt":"2018-02-28T08:13:55","guid":{"rendered":"http:\/\/www.misdetallesdeboda.com\/detalles\/producto\/bolsita-artesanal-seta-con-jabon-concha\/"},"modified":"2023-03-21T17:40:59","modified_gmt":"2023-03-21T17:40:59","slug":"bolsita-artesanal-seta-con-jabon-concha","status":"publish","type":"product","link":"https:\/\/www.misdetallesdeboda.com\/detalles\/producto\/bolsita-artesanal-seta-con-jabon-concha\/","title":{"rendered":"Bolsita artesanal seta con jab\u00f3n concha"},"content":{"rendered":"<p>Peque\u00f1a bolsita artesanal decorada con seta para recuerdo de boda bautizo y comuni\u00f3n<\/p>\n<p>Viene con un jab\u00f3n en forma de concha dentro<\/p>\n<p>Se sirve la bolsita y el jaboncito en colores surtidos<\/p>\n<p>Pedido m\u00ednimo 10 unidades<\/p>\n","protected":false},"excerpt":{"rendered":"<p>Peque\u00f1a bolsita artesanal decorada con seta para recuerdo de boda bautizo y comuni\u00f3n Viene con un jab\u00f3n en forma de concha dentro Se sirve la bolsita y el jaboncito en colores surtidos Pedido m\u00ednimo 10 [&hellip;]<\/p>\n","protected":false},"featured_media":7912,"template":"","meta":[],"product_brand":[],"product_cat":[42,26,34],"product_tag":[],"class_list":{"0":"post-7911","1":"product","2":"type-product","3":"status-publish","4":"has-post-thumbnail","6":"product_cat-comunion","7":"product_cat-recuerdos_bautizo","8":"product_cat-jabones","9":"clearfix","11":"first","12":"outofstock","13":"shipping-taxable","14":"purchasable","15":"product-type-simple"},"_links":{"self":[{"href":"https:\/\/www.misdetallesdeboda.com\/detalles\/wp-json\/wp\/v2\/product\/7911","targetHints":{"allow":["GET"]}}],"collection":[{"href":"https:\/\/www.misdetallesdeboda.com\/detalles\/wp-json\/wp\/v2\/product"}],"about":[{"href":"https:\/\/www.misdetallesdeboda.com\/detalles\/wp-json\/wp\/v2\/types\/product"}],"wp:featuredmedia":[{"embeddable":true,"href":"https:\/\/www.misdetallesdeboda.com\/detalles\/wp-json\/wp\/v2\/media\/7912"}],"wp:attachment":[{"href":"https:\/\/www.misdetallesdeboda.com\/detalles\/wp-json\/wp\/v2\/media?parent=7911"}],"wp:term":[{"taxonomy":"product_brand","embeddable":true,"href":"https:\/\/www.misdetallesdeboda.com\/detalles\/wp-json\/wp\/v2\/product_brand?post=7911"},{"taxonomy":"product_cat","embeddable":true,"href":"https:\/\/www.misdetallesdeboda.com\/detalles\/wp-json\/wp\/v2\/product_cat?post=7911"},{"taxonomy":"product_tag","embeddable":true,"href":"https:\/\/www.misdetallesdeboda.com\/detalles\/wp-json\/wp\/v2\/product_tag?post=7911"}],"curies":[{"name":"wp","href":"https:\/\/api.w.org\/{rel}","templated":true}]}}