{"id":7835,"date":"2018-02-26T11:43:38","date_gmt":"2018-02-26T11:43:38","guid":{"rendered":"http:\/\/www.misdetallesdeboda.com\/detalles\/producto\/mini-taza-bautizo-azul\/"},"modified":"2020-01-21T19:47:30","modified_gmt":"2020-01-21T19:47:30","slug":"mini-taza-bautizo-azul","status":"publish","type":"product","link":"https:\/\/www.misdetallesdeboda.com\/detalles\/producto\/mini-taza-bautizo-azul\/","title":{"rendered":"Mini taza baby azul"},"content":{"rendered":"<p>Preciosa mini taza de cer\u00e1mica para recuerdo de baby shower o bautismo ni\u00f1o<\/p>\n<p>TAZA BAUTIZO BLISTER DE CART\u00d3N NI\u00d1O AZUL<\/p>\n<p>Taza de bautizo presentada blister de cart\u00f3n a juego con la taza.<\/p>\n<p>Se sirve surtida entre 6 modelos diferentes. \/ Precio unitario.<\/p>\n<p>Material: Cer\u00e1mica<\/p>\n<p>Medidas de la taza: 4 cm x \u00d8 4 cm.<\/p>\n<p>Medidas del blister: 10 x 5 cm<\/p>\n<p>Pedido m\u00ednimo 10 unidades<\/p>\n","protected":false},"excerpt":{"rendered":"<p>Preciosa mini taza de cer\u00e1mica para recuerdo de baby shower o bautismo ni\u00f1o TAZA BAUTIZO BLISTER DE CART\u00d3N NI\u00d1O AZUL Taza de bautizo presentada blister de cart\u00f3n a juego con la taza. Se sirve surtida [&hellip;]<\/p>\n","protected":false},"featured_media":11174,"template":"","meta":[],"product_brand":[],"product_cat":[26,52],"product_tag":[162],"class_list":{"0":"post-7835","1":"product","2":"type-product","3":"status-publish","4":"has-post-thumbnail","6":"product_cat-recuerdos_bautizo","7":"product_cat-tazas-boda","8":"product_tag-bautizo-nino","9":"clearfix","11":"first","12":"instock","13":"shipping-taxable","14":"purchasable","15":"product-type-simple"},"_links":{"self":[{"href":"https:\/\/www.misdetallesdeboda.com\/detalles\/wp-json\/wp\/v2\/product\/7835","targetHints":{"allow":["GET"]}}],"collection":[{"href":"https:\/\/www.misdetallesdeboda.com\/detalles\/wp-json\/wp\/v2\/product"}],"about":[{"href":"https:\/\/www.misdetallesdeboda.com\/detalles\/wp-json\/wp\/v2\/types\/product"}],"wp:featuredmedia":[{"embeddable":true,"href":"https:\/\/www.misdetallesdeboda.com\/detalles\/wp-json\/wp\/v2\/media\/11174"}],"wp:attachment":[{"href":"https:\/\/www.misdetallesdeboda.com\/detalles\/wp-json\/wp\/v2\/media?parent=7835"}],"wp:term":[{"taxonomy":"product_brand","embeddable":true,"href":"https:\/\/www.misdetallesdeboda.com\/detalles\/wp-json\/wp\/v2\/product_brand?post=7835"},{"taxonomy":"product_cat","embeddable":true,"href":"https:\/\/www.misdetallesdeboda.com\/detalles\/wp-json\/wp\/v2\/product_cat?post=7835"},{"taxonomy":"product_tag","embeddable":true,"href":"https:\/\/www.misdetallesdeboda.com\/detalles\/wp-json\/wp\/v2\/product_tag?post=7835"}],"curies":[{"name":"wp","href":"https:\/\/api.w.org\/{rel}","templated":true}]}}