{"id":7630,"date":"2017-12-19T14:06:03","date_gmt":"2017-12-19T14:06:03","guid":{"rendered":"http:\/\/www.misdetallesdeboda.com\/detalles\/?post_type=product&#038;p=7630"},"modified":"2017-12-19T14:06:03","modified_gmt":"2017-12-19T14:06:03","slug":"calentador-de-manos-emoticonos","status":"publish","type":"product","link":"https:\/\/www.misdetallesdeboda.com\/detalles\/producto\/calentador-de-manos-emoticonos\/","title":{"rendered":"Calentador de manos emoticonos"},"content":{"rendered":"<p>CALENTADOR DE MANOS \u00abEMOTICONOS\u00bb<\/p>\n<p>\u00a1Ponle buena cara al frio!<\/p>\n<p>Con estos divertidos calentadores de manos con dise\u00f1os de los emoticonos del whatsapp.<\/p>\n<p>Medidas caja: 12,7 x 10,3cm<\/p>\n<p>Medidas calentador: 10 x 10cm<\/p>\n<p>Presentado en caja de PVC transparente.<\/p>\n<p>Modo de uso:<\/p>\n<p>1. Para calentar la bolsa, presione y haga estallar el peque\u00f1o disco de metal que lleva en el interior.<\/p>\n<p>2. Instant\u00e1neamente la bolsa se empezar\u00e1 a calentar y se cristalizar\u00e1. La duraci\u00f3n del calor ser\u00e1 aproximadamente de unos 30 minutos.<\/p>\n<p>Reutilizar:<\/p>\n<p>1. Colocar la bolsita cristalizada en agua hirviendo y hervir durante aprox. 5-10 minutos hasta que los cristales se hayan disuelto.<\/p>\n<p>2. Una vez que la bolsita se haya enfriado completamente, puede volver a usarlo en cualquier momento.<\/p>\n<p>Advertencias: No utilizar en el microondas<br \/>\nEl l\u00edquido en las bolsitas no debe ser consumido. El l\u00edquido que contiene puede causar infecci\u00f3n en contacto con la piel o los ojos. Si la bolsita est\u00e1 da\u00f1ada o tiene fugas, des\u00e9chelo. Si el l\u00edquido que contiene la bolsita entra en contacto con la piel o los ojos, enjuague inmediatamente con agua tibia. Si el l\u00edquido es ingerido, beba agua para dilu\u00eds y consulte con un m\u00e9dico en caso de ser necesario. No es adecuado p<\/p>\n<p>1. Para calentar la bolsa, presione y haga estallar el peque\u00f1o disco de metal que lleva en el interior.<\/p>\n<p>2. Instant\u00e1neamente la bolsa se empezar\u00e1 a calentar y se cristalizar\u00e1. La duraci\u00f3n del calor ser\u00e1 aproximadamente de unos 30 minutos. <\/p>\n<p>No apto para ni\u00f1os menores de 3 a\u00f1os.<\/p>\n","protected":false},"excerpt":{"rendered":"<p>CALENTADOR DE MANOS \u00abEMOTICONOS\u00bb \u00a1Ponle buena cara al frio! Con estos divertidos calentadores de manos con dise\u00f1os de los emoticonos del whatsapp. Medidas caja: 12,7 x 10,3cm Medidas calentador: 10 x 10cm Presentado en caja [&hellip;]<\/p>\n","protected":false},"featured_media":7631,"template":"","meta":[],"product_brand":[],"product_cat":[39],"product_tag":[258],"class_list":{"0":"post-7630","1":"product","2":"type-product","3":"status-publish","4":"has-post-thumbnail","6":"product_cat-regalosoriginales","7":"product_tag-detalle-emoticonos","8":"clearfix","10":"first","11":"instock","12":"shipping-taxable","13":"purchasable","14":"product-type-simple"},"_links":{"self":[{"href":"https:\/\/www.misdetallesdeboda.com\/detalles\/wp-json\/wp\/v2\/product\/7630","targetHints":{"allow":["GET"]}}],"collection":[{"href":"https:\/\/www.misdetallesdeboda.com\/detalles\/wp-json\/wp\/v2\/product"}],"about":[{"href":"https:\/\/www.misdetallesdeboda.com\/detalles\/wp-json\/wp\/v2\/types\/product"}],"wp:featuredmedia":[{"embeddable":true,"href":"https:\/\/www.misdetallesdeboda.com\/detalles\/wp-json\/wp\/v2\/media\/7631"}],"wp:attachment":[{"href":"https:\/\/www.misdetallesdeboda.com\/detalles\/wp-json\/wp\/v2\/media?parent=7630"}],"wp:term":[{"taxonomy":"product_brand","embeddable":true,"href":"https:\/\/www.misdetallesdeboda.com\/detalles\/wp-json\/wp\/v2\/product_brand?post=7630"},{"taxonomy":"product_cat","embeddable":true,"href":"https:\/\/www.misdetallesdeboda.com\/detalles\/wp-json\/wp\/v2\/product_cat?post=7630"},{"taxonomy":"product_tag","embeddable":true,"href":"https:\/\/www.misdetallesdeboda.com\/detalles\/wp-json\/wp\/v2\/product_tag?post=7630"}],"curies":[{"name":"wp","href":"https:\/\/api.w.org\/{rel}","templated":true}]}}