{"id":7287,"date":"2017-10-18T07:59:50","date_gmt":"2017-10-18T07:59:50","guid":{"rendered":"http:\/\/www.misdetallesdeboda.com\/detalles\/?post_type=product&#038;p=7287"},"modified":"2017-10-18T07:59:50","modified_gmt":"2017-10-18T07:59:50","slug":"bolsa-de-golosinas-frases","status":"publish","type":"product","link":"https:\/\/www.misdetallesdeboda.com\/detalles\/producto\/bolsa-de-golosinas-frases\/","title":{"rendered":"Bolsa de Golosinas Frases"},"content":{"rendered":"<p>BOLSAS GOLOSINAS 150 GR. FRASES<\/p>\n<p>Disfruta de estas 6 variedades de bolsitas con diferentes frases que seguro sacar\u00e1n tu sonrisa m\u00e1s dulce.<\/p>\n<p>Medidas: 12cm<\/p>\n<p>Pedido m\u00ednimo 10 unidades<\/p>\n","protected":false},"excerpt":{"rendered":"<p>BOLSAS GOLOSINAS 150 GR. FRASES Disfruta de estas 6 variedades de bolsitas con diferentes frases que seguro sacar\u00e1n tu sonrisa m\u00e1s dulce. Medidas: 12cm Pedido m\u00ednimo 10 unidades<\/p>\n","protected":false},"featured_media":7288,"template":"","meta":[],"product_brand":[],"product_cat":[25],"product_tag":[],"class_list":{"0":"post-7287","1":"product","2":"type-product","3":"status-publish","4":"has-post-thumbnail","6":"product_cat-bombones","7":"clearfix","9":"first","10":"instock","11":"shipping-taxable","12":"purchasable","13":"product-type-simple"},"_links":{"self":[{"href":"https:\/\/www.misdetallesdeboda.com\/detalles\/wp-json\/wp\/v2\/product\/7287","targetHints":{"allow":["GET"]}}],"collection":[{"href":"https:\/\/www.misdetallesdeboda.com\/detalles\/wp-json\/wp\/v2\/product"}],"about":[{"href":"https:\/\/www.misdetallesdeboda.com\/detalles\/wp-json\/wp\/v2\/types\/product"}],"wp:featuredmedia":[{"embeddable":true,"href":"https:\/\/www.misdetallesdeboda.com\/detalles\/wp-json\/wp\/v2\/media\/7288"}],"wp:attachment":[{"href":"https:\/\/www.misdetallesdeboda.com\/detalles\/wp-json\/wp\/v2\/media?parent=7287"}],"wp:term":[{"taxonomy":"product_brand","embeddable":true,"href":"https:\/\/www.misdetallesdeboda.com\/detalles\/wp-json\/wp\/v2\/product_brand?post=7287"},{"taxonomy":"product_cat","embeddable":true,"href":"https:\/\/www.misdetallesdeboda.com\/detalles\/wp-json\/wp\/v2\/product_cat?post=7287"},{"taxonomy":"product_tag","embeddable":true,"href":"https:\/\/www.misdetallesdeboda.com\/detalles\/wp-json\/wp\/v2\/product_tag?post=7287"}],"curies":[{"name":"wp","href":"https:\/\/api.w.org\/{rel}","templated":true}]}}