{"id":7265,"date":"2017-10-12T19:28:48","date_gmt":"2017-10-12T19:28:48","guid":{"rendered":"http:\/\/www.misdetallesdeboda.com\/detalles\/producto\/llavero-de-madera-personalizado-bautizo\/"},"modified":"2018-09-22T07:10:59","modified_gmt":"2018-09-22T07:10:59","slug":"recuerdo-bautizo-especial","status":"publish","type":"product","link":"https:\/\/www.misdetallesdeboda.com\/detalles\/producto\/recuerdo-bautizo-especial\/","title":{"rendered":"Cajita recuerdo bautizo gemelos azul o rosa"},"content":{"rendered":"<p>La puerta de la nevera nunca fue tan divertida como con este simp\u00e1tico im\u00e1n que recordar\u00e1 a todos ese d\u00eda tan especial.<br \/>\nUn dise\u00f1o exclusivo Pit&#038;Pita\u00ae donde los beb\u00e9s gemelos juegan en un mois\u00e9s.<br \/>\nCon 5 peladillas de choco dentro<br \/>\nSu eficaz im\u00e1n sujetar\u00e1 perfectamente la lista de la compra una anotaci\u00f3n importante<br \/>\n Perfecto detalle para regalar en eventos donde los peque\u00f1os sean los protagonistas.<br \/>\nCu\u00e9lguelos de bolsas y cajas gracias a su anilla posterior y tendr\u00e1 el detalle redondo. <\/p>\n<p>Pedido m\u00ednimo 15 unidades.<\/p>\n","protected":false},"excerpt":{"rendered":"<p>La puerta de la nevera nunca fue tan divertida como con este simp\u00e1tico im\u00e1n que recordar\u00e1 a todos ese d\u00eda tan especial. Un dise\u00f1o exclusivo Pit&#038;Pita\u00ae donde los beb\u00e9s gemelos juegan en un mois\u00e9s. Con [&hellip;]<\/p>\n","protected":false},"featured_media":9439,"template":"","meta":[],"product_brand":[],"product_cat":[26],"product_tag":[163,162],"class_list":{"0":"post-7265","1":"product","2":"type-product","3":"status-publish","4":"has-post-thumbnail","6":"product_cat-recuerdos_bautizo","7":"product_tag-bautizo-nina","8":"product_tag-bautizo-nino","9":"clearfix","11":"first","12":"instock","13":"shipping-taxable","14":"purchasable","15":"product-type-variable"},"_links":{"self":[{"href":"https:\/\/www.misdetallesdeboda.com\/detalles\/wp-json\/wp\/v2\/product\/7265","targetHints":{"allow":["GET"]}}],"collection":[{"href":"https:\/\/www.misdetallesdeboda.com\/detalles\/wp-json\/wp\/v2\/product"}],"about":[{"href":"https:\/\/www.misdetallesdeboda.com\/detalles\/wp-json\/wp\/v2\/types\/product"}],"wp:featuredmedia":[{"embeddable":true,"href":"https:\/\/www.misdetallesdeboda.com\/detalles\/wp-json\/wp\/v2\/media\/9439"}],"wp:attachment":[{"href":"https:\/\/www.misdetallesdeboda.com\/detalles\/wp-json\/wp\/v2\/media?parent=7265"}],"wp:term":[{"taxonomy":"product_brand","embeddable":true,"href":"https:\/\/www.misdetallesdeboda.com\/detalles\/wp-json\/wp\/v2\/product_brand?post=7265"},{"taxonomy":"product_cat","embeddable":true,"href":"https:\/\/www.misdetallesdeboda.com\/detalles\/wp-json\/wp\/v2\/product_cat?post=7265"},{"taxonomy":"product_tag","embeddable":true,"href":"https:\/\/www.misdetallesdeboda.com\/detalles\/wp-json\/wp\/v2\/product_tag?post=7265"}],"curies":[{"name":"wp","href":"https:\/\/api.w.org\/{rel}","templated":true}]}}