{"id":7241,"date":"2017-10-04T14:55:39","date_gmt":"2017-10-04T14:55:39","guid":{"rendered":"http:\/\/www.misdetallesdeboda.com\/detalles\/?post_type=product&#038;p=7241"},"modified":"2022-05-31T18:05:17","modified_gmt":"2022-05-31T18:05:17","slug":"tarjeta-de-cartulina-personalizada-con-cordon-de-yute","status":"publish","type":"product","link":"https:\/\/www.misdetallesdeboda.com\/detalles\/producto\/tarjeta-de-cartulina-personalizada-con-cordon-de-yute\/","title":{"rendered":"Cono para p\u00e9talos original de yute"},"content":{"rendered":"<p>Precioso cono para p\u00e9talos de rosas hecho con tela de arpillera rigida<\/p>\n<p>Este modelo est\u00e1 cerrado por detr\u00e1s<\/p>\n<p>Medidas: 20cm<\/p>\n<p>Pedido m\u00ednimo 20 unidades<\/p>\n","protected":false},"excerpt":{"rendered":"<p>Precioso cono para p\u00e9talos de rosas hecho con tela de arpillera rigida Este modelo est\u00e1 cerrado por detr\u00e1s Medidas: 20cm Pedido m\u00ednimo 20 unidades<\/p>\n","protected":false},"featured_media":9588,"template":"","meta":[],"product_brand":[],"product_cat":[138],"product_tag":[],"class_list":{"0":"post-7241","1":"product","2":"type-product","3":"status-publish","4":"has-post-thumbnail","6":"product_cat-decoracion-de-yute","7":"clearfix","9":"first","10":"instock","11":"shipping-taxable","12":"purchasable","13":"product-type-simple"},"_links":{"self":[{"href":"https:\/\/www.misdetallesdeboda.com\/detalles\/wp-json\/wp\/v2\/product\/7241","targetHints":{"allow":["GET"]}}],"collection":[{"href":"https:\/\/www.misdetallesdeboda.com\/detalles\/wp-json\/wp\/v2\/product"}],"about":[{"href":"https:\/\/www.misdetallesdeboda.com\/detalles\/wp-json\/wp\/v2\/types\/product"}],"wp:featuredmedia":[{"embeddable":true,"href":"https:\/\/www.misdetallesdeboda.com\/detalles\/wp-json\/wp\/v2\/media\/9588"}],"wp:attachment":[{"href":"https:\/\/www.misdetallesdeboda.com\/detalles\/wp-json\/wp\/v2\/media?parent=7241"}],"wp:term":[{"taxonomy":"product_brand","embeddable":true,"href":"https:\/\/www.misdetallesdeboda.com\/detalles\/wp-json\/wp\/v2\/product_brand?post=7241"},{"taxonomy":"product_cat","embeddable":true,"href":"https:\/\/www.misdetallesdeboda.com\/detalles\/wp-json\/wp\/v2\/product_cat?post=7241"},{"taxonomy":"product_tag","embeddable":true,"href":"https:\/\/www.misdetallesdeboda.com\/detalles\/wp-json\/wp\/v2\/product_tag?post=7241"}],"curies":[{"name":"wp","href":"https:\/\/api.w.org\/{rel}","templated":true}]}}