{"id":6858,"date":"2017-08-03T13:53:58","date_gmt":"2017-08-03T13:53:58","guid":{"rendered":"http:\/\/www.misdetallesdeboda.com\/detalles\/producto\/balsamo-de-labios-pina\/"},"modified":"2017-08-03T13:56:17","modified_gmt":"2017-08-03T13:56:17","slug":"balsamo-de-labios-pina","status":"publish","type":"product","link":"https:\/\/www.misdetallesdeboda.com\/detalles\/producto\/balsamo-de-labios-pina\/","title":{"rendered":"B\u00e1lsamo de labios pi\u00f1a"},"content":{"rendered":"<p>B\u00e1lsamo labial en forma de pi\u00f1a, presentado en bolsa transparente con cierre adhesivo para recuerdo de invitados<\/p>\n<p>Nosotros tambien nos unimos a la tendencia de los b\u00e1lsamos labiales.<\/p>\n<p>Tus invitados estar\u00e1n intrigados por ver lo que se esconde en su interior!!<\/p>\n<p>Medidas: 3 x 3 x 4 cm<\/p>\n<p>Pedido m\u00ednimo 15 unidades<\/p>\n","protected":false},"excerpt":{"rendered":"<p>B\u00e1lsamo labial en forma de pi\u00f1a, presentado en bolsa transparente con cierre adhesivo para recuerdo de invitados Nosotros tambien nos unimos a la tendencia de los b\u00e1lsamos labiales. Tus invitados estar\u00e1n intrigados por ver lo [&hellip;]<\/p>\n","protected":false},"featured_media":6860,"template":"","meta":[],"product_brand":[],"product_cat":[21],"product_tag":[],"class_list":{"0":"post-6858","1":"product","2":"type-product","3":"status-publish","4":"has-post-thumbnail","6":"product_cat-aromaterapia","7":"clearfix","9":"first","10":"instock","11":"shipping-taxable","12":"purchasable","13":"product-type-simple"},"_links":{"self":[{"href":"https:\/\/www.misdetallesdeboda.com\/detalles\/wp-json\/wp\/v2\/product\/6858","targetHints":{"allow":["GET"]}}],"collection":[{"href":"https:\/\/www.misdetallesdeboda.com\/detalles\/wp-json\/wp\/v2\/product"}],"about":[{"href":"https:\/\/www.misdetallesdeboda.com\/detalles\/wp-json\/wp\/v2\/types\/product"}],"wp:featuredmedia":[{"embeddable":true,"href":"https:\/\/www.misdetallesdeboda.com\/detalles\/wp-json\/wp\/v2\/media\/6860"}],"wp:attachment":[{"href":"https:\/\/www.misdetallesdeboda.com\/detalles\/wp-json\/wp\/v2\/media?parent=6858"}],"wp:term":[{"taxonomy":"product_brand","embeddable":true,"href":"https:\/\/www.misdetallesdeboda.com\/detalles\/wp-json\/wp\/v2\/product_brand?post=6858"},{"taxonomy":"product_cat","embeddable":true,"href":"https:\/\/www.misdetallesdeboda.com\/detalles\/wp-json\/wp\/v2\/product_cat?post=6858"},{"taxonomy":"product_tag","embeddable":true,"href":"https:\/\/www.misdetallesdeboda.com\/detalles\/wp-json\/wp\/v2\/product_tag?post=6858"}],"curies":[{"name":"wp","href":"https:\/\/api.w.org\/{rel}","templated":true}]}}