{"id":6150,"date":"2017-05-01T15:21:45","date_gmt":"2017-05-01T15:21:45","guid":{"rendered":"http:\/\/www.misdetallesdeboda.com\/detalles\/?post_type=product&#038;p=6150"},"modified":"2024-02-22T10:51:19","modified_gmt":"2024-02-22T10:51:19","slug":"licor-miniatura-en-baul-de-madera-mapas-recuerdo-caballeros","status":"publish","type":"product","link":"https:\/\/www.misdetallesdeboda.com\/detalles\/producto\/licor-miniatura-en-baul-de-madera-mapas-recuerdo-caballeros\/","title":{"rendered":"2 Licores miniatura en ba\u00fal de madera mapas recuerdo caballeros"},"content":{"rendered":"<p>Preciosas mini botellitas de cristal con licor m\u00e1s ba\u00fal de madera decorado con motivos de mapas para recuerdo de invitados.<\/p>\n<p>Un detalle muy completo y coqueto para los invitados de su boda.<\/p>\n<p>Botella de licor mini medidas (8 cm. &#8211; 5 cl.)<\/p>\n<p>Ba\u00fal mapas medidas: (9,5 x 6,5 cm.)<\/p>\n<p>Sabores de licor a elegir entre: CREMA, CAF\u00c9, LIMONCELLO, ARROZ CON LECHE O HIERBAS.<\/p>\n<p>Pedido m\u00ednimo 15 unidades<\/p>\n<p>Se sirve desmontados licores+ba\u00fales<\/p>\n","protected":false},"excerpt":{"rendered":"<p>Preciosas mini botellitas de cristal con licor m\u00e1s ba\u00fal de madera decorado con motivos de mapas para recuerdo de invitados. Un detalle muy completo y coqueto para los invitados de su boda. Botella de licor [&hellip;]<\/p>\n","protected":false},"featured_media":12577,"template":"","meta":[],"product_brand":[],"product_cat":[37,27],"product_tag":[],"class_list":{"0":"post-6150","1":"product","2":"type-product","3":"status-publish","4":"has-post-thumbnail","6":"product_cat-recuerdos_caballeros","7":"product_cat-licoresboda","8":"clearfix","10":"first","11":"instock","12":"shipping-taxable","13":"purchasable","14":"product-type-variable"},"_links":{"self":[{"href":"https:\/\/www.misdetallesdeboda.com\/detalles\/wp-json\/wp\/v2\/product\/6150","targetHints":{"allow":["GET"]}}],"collection":[{"href":"https:\/\/www.misdetallesdeboda.com\/detalles\/wp-json\/wp\/v2\/product"}],"about":[{"href":"https:\/\/www.misdetallesdeboda.com\/detalles\/wp-json\/wp\/v2\/types\/product"}],"wp:featuredmedia":[{"embeddable":true,"href":"https:\/\/www.misdetallesdeboda.com\/detalles\/wp-json\/wp\/v2\/media\/12577"}],"wp:attachment":[{"href":"https:\/\/www.misdetallesdeboda.com\/detalles\/wp-json\/wp\/v2\/media?parent=6150"}],"wp:term":[{"taxonomy":"product_brand","embeddable":true,"href":"https:\/\/www.misdetallesdeboda.com\/detalles\/wp-json\/wp\/v2\/product_brand?post=6150"},{"taxonomy":"product_cat","embeddable":true,"href":"https:\/\/www.misdetallesdeboda.com\/detalles\/wp-json\/wp\/v2\/product_cat?post=6150"},{"taxonomy":"product_tag","embeddable":true,"href":"https:\/\/www.misdetallesdeboda.com\/detalles\/wp-json\/wp\/v2\/product_tag?post=6150"}],"curies":[{"name":"wp","href":"https:\/\/api.w.org\/{rel}","templated":true}]}}