{"id":6083,"date":"2017-04-20T20:49:38","date_gmt":"2017-04-20T20:49:38","guid":{"rendered":"http:\/\/www.misdetallesdeboda.com\/detalles\/?post_type=product&#038;p=6083"},"modified":"2025-09-19T16:48:33","modified_gmt":"2025-09-19T16:48:33","slug":"saco-rustico-con-monograma-personalizado-varios-tamanos","status":"publish","type":"product","link":"https:\/\/www.misdetallesdeboda.com\/detalles\/producto\/saco-rustico-con-monograma-personalizado-varios-tamanos\/","title":{"rendered":"Saco rustico con encaje varios tama\u00f1os"},"content":{"rendered":"<p>\u00danicos e irrepetibles sacos de tela de yute rustico para presentar todo tipo de detalle de boda.<br \/>\nDecorado con encaje blanco de algod\u00f3n<\/p>\n<p>Acompa\u00f1a cord\u00f3n de yute para el cierre<\/p>\n<p>Varios tama\u00f1os disponibles, seleccionar tama\u00f1o en bot\u00f3n desplegable<br \/>\n-14cm x 18cm<br \/>\n-16cm x 20cm<br \/>\n-18cm x 22cm<br \/>\n-20cm x 24cm<\/p>\n<p>Pedido m\u00ednimo 20 unidades<\/p>\n","protected":false},"excerpt":{"rendered":"<p>\u00danicos e irrepetibles sacos de tela de yute rustico para presentar todo tipo de detalle de boda. Decorado con encaje blanco de algod\u00f3n Acompa\u00f1a cord\u00f3n de yute para el cierre Varios tama\u00f1os disponibles, seleccionar tama\u00f1o [&hellip;]<\/p>\n","protected":false},"featured_media":17995,"template":"","meta":[],"product_brand":[],"product_cat":[45],"product_tag":[],"class_list":{"0":"post-6083","1":"product","2":"type-product","3":"status-publish","4":"has-post-thumbnail","6":"product_cat-bolsitas","7":"clearfix","9":"first","10":"instock","11":"shipping-taxable","12":"purchasable","13":"product-type-variable"},"_links":{"self":[{"href":"https:\/\/www.misdetallesdeboda.com\/detalles\/wp-json\/wp\/v2\/product\/6083","targetHints":{"allow":["GET"]}}],"collection":[{"href":"https:\/\/www.misdetallesdeboda.com\/detalles\/wp-json\/wp\/v2\/product"}],"about":[{"href":"https:\/\/www.misdetallesdeboda.com\/detalles\/wp-json\/wp\/v2\/types\/product"}],"wp:featuredmedia":[{"embeddable":true,"href":"https:\/\/www.misdetallesdeboda.com\/detalles\/wp-json\/wp\/v2\/media\/17995"}],"wp:attachment":[{"href":"https:\/\/www.misdetallesdeboda.com\/detalles\/wp-json\/wp\/v2\/media?parent=6083"}],"wp:term":[{"taxonomy":"product_brand","embeddable":true,"href":"https:\/\/www.misdetallesdeboda.com\/detalles\/wp-json\/wp\/v2\/product_brand?post=6083"},{"taxonomy":"product_cat","embeddable":true,"href":"https:\/\/www.misdetallesdeboda.com\/detalles\/wp-json\/wp\/v2\/product_cat?post=6083"},{"taxonomy":"product_tag","embeddable":true,"href":"https:\/\/www.misdetallesdeboda.com\/detalles\/wp-json\/wp\/v2\/product_tag?post=6083"}],"curies":[{"name":"wp","href":"https:\/\/api.w.org\/{rel}","templated":true}]}}