{"id":5868,"date":"2017-03-16T19:20:54","date_gmt":"2017-03-16T19:20:54","guid":{"rendered":"http:\/\/www.misdetallesdeboda.com\/detalles\/?post_type=product&#038;p=5868"},"modified":"2023-03-17T17:56:31","modified_gmt":"2023-03-17T17:56:31","slug":"saco-de-yute-rustico-para-botella-de-vino","status":"publish","type":"product","link":"https:\/\/www.misdetallesdeboda.com\/detalles\/producto\/saco-de-yute-rustico-para-botella-de-vino\/","title":{"rendered":"Saco rustico para botella varios tama\u00f1os flamenco rosa"},"content":{"rendered":"<p>Exclusivo saco para botella de vino de yute para presentar botellas recuerdos de boda.<\/p>\n<p>Pintado con flamenco rosa por un lado.<\/p>\n<p>Acompa\u00f1a cord\u00f3n de yute para atar el lazo<\/p>\n<p>Atenci\u00f3n disponemos de 3 tama\u00f1os:<br \/>\nTama\u00f1os:<\/p>\n<p>28cm de largo X 11cm de ancho. Sirve para botellas de hasta 6cm de diametro de la base, suelen ser botellas de 37,5cl o tres octavos<\/p>\n<p>34 cm de largo X 12 cm de ancho. Sirve para botellas de hasta 7 cm de diametro de la base, suelen ser botellas de 75cl o tres cuartos<\/p>\n<p>35 cm de largo X 13,5 cm de ancho. Sirve para botellas de hasta 8 cm de diametro de la base, suelen ser botellas de 1 litro<\/p>\n<p>Para los que buscan una decoraci\u00f3n rustica y unica para las botellas de vino de la boda<\/p>\n<p>Costura interior, con flecos<\/p>\n<p>Pedido m\u00ednimo 10 unidades<\/p>\n","protected":false},"excerpt":{"rendered":"<p>Exclusivo saco para botella de vino de yute para presentar botellas recuerdos de boda. Pintado con flamenco rosa por un lado. Acompa\u00f1a cord\u00f3n de yute para atar el lazo Atenci\u00f3n disponemos de 3 tama\u00f1os: Tama\u00f1os: [&hellip;]<\/p>\n","protected":false},"featured_media":9833,"template":"","meta":[],"product_brand":[],"product_cat":[137],"product_tag":[],"class_list":{"0":"post-5868","1":"product","2":"type-product","3":"status-publish","4":"has-post-thumbnail","6":"product_cat-bolsas-de-yute","7":"clearfix","9":"first","10":"instock","11":"shipping-taxable","12":"purchasable","13":"product-type-variable"},"_links":{"self":[{"href":"https:\/\/www.misdetallesdeboda.com\/detalles\/wp-json\/wp\/v2\/product\/5868","targetHints":{"allow":["GET"]}}],"collection":[{"href":"https:\/\/www.misdetallesdeboda.com\/detalles\/wp-json\/wp\/v2\/product"}],"about":[{"href":"https:\/\/www.misdetallesdeboda.com\/detalles\/wp-json\/wp\/v2\/types\/product"}],"wp:featuredmedia":[{"embeddable":true,"href":"https:\/\/www.misdetallesdeboda.com\/detalles\/wp-json\/wp\/v2\/media\/9833"}],"wp:attachment":[{"href":"https:\/\/www.misdetallesdeboda.com\/detalles\/wp-json\/wp\/v2\/media?parent=5868"}],"wp:term":[{"taxonomy":"product_brand","embeddable":true,"href":"https:\/\/www.misdetallesdeboda.com\/detalles\/wp-json\/wp\/v2\/product_brand?post=5868"},{"taxonomy":"product_cat","embeddable":true,"href":"https:\/\/www.misdetallesdeboda.com\/detalles\/wp-json\/wp\/v2\/product_cat?post=5868"},{"taxonomy":"product_tag","embeddable":true,"href":"https:\/\/www.misdetallesdeboda.com\/detalles\/wp-json\/wp\/v2\/product_tag?post=5868"}],"curies":[{"name":"wp","href":"https:\/\/api.w.org\/{rel}","templated":true}]}}