{"id":5846,"date":"2017-03-16T13:43:13","date_gmt":"2017-03-16T13:43:13","guid":{"rendered":"http:\/\/www.misdetallesdeboda.com\/detalles\/?post_type=product&#038;p=5846"},"modified":"2023-05-11T18:45:50","modified_gmt":"2023-05-11T18:45:50","slug":"5846","status":"publish","type":"product","link":"https:\/\/www.misdetallesdeboda.com\/detalles\/producto\/5846\/","title":{"rendered":"Espejo con cepillo emoticonos"},"content":{"rendered":"<p>CEPILLO ESPEJO EMOTICONOS para recuerdo de invitados<\/p>\n<p>Original y divertido cepillo espejo emoticonos. \u00a1Tama\u00f1o ideal para llevar en el bolso!<\/p>\n<p>Se sirven surtidos en 6 dise\u00f1os.<\/p>\n<p>Di\u00e1metro: 6,5cm<\/p>\n<p>Presentado en bolsita de celofan de protecci\u00f3n.<\/p>\n<p>Pedido m\u00ednimo 10 unidades<\/p>\n<p>POSIBILIDAD DE PRESENTAR LOS ESPEJOS DECORADOS EN BOLSITA RUSTICA DE YUTE CON LAZO DE RAFIA Y TARJETA RECORDATORIA PERSONALIZADA \u00a1LISTO PARA ENTREGAR A LAS INVITADAS!<\/p>\n<p>PEDIDO M\u00cdNIMO PARA ESPEJOS CON BOLSA: 30 UNIDADES<\/p>\n","protected":false},"excerpt":{"rendered":"<p>CEPILLO ESPEJO EMOTICONOS para recuerdo de invitados Original y divertido cepillo espejo emoticonos. \u00a1Tama\u00f1o ideal para llevar en el bolso! Se sirven surtidos en 6 dise\u00f1os. Di\u00e1metro: 6,5cm Presentado en bolsita de celofan de protecci\u00f3n. [&hellip;]<\/p>\n","protected":false},"featured_media":5847,"template":"","meta":[],"product_brand":[],"product_cat":[192,42,53],"product_tag":[258],"class_list":{"0":"post-5846","1":"product","2":"type-product","3":"status-publish","4":"has-post-thumbnail","6":"product_cat-detalles-utiles","7":"product_cat-comunion","8":"product_cat-espejos","9":"product_tag-detalle-emoticonos","10":"clearfix","12":"first","13":"instock","14":"shipping-taxable","15":"purchasable","16":"product-type-simple"},"_links":{"self":[{"href":"https:\/\/www.misdetallesdeboda.com\/detalles\/wp-json\/wp\/v2\/product\/5846","targetHints":{"allow":["GET"]}}],"collection":[{"href":"https:\/\/www.misdetallesdeboda.com\/detalles\/wp-json\/wp\/v2\/product"}],"about":[{"href":"https:\/\/www.misdetallesdeboda.com\/detalles\/wp-json\/wp\/v2\/types\/product"}],"wp:featuredmedia":[{"embeddable":true,"href":"https:\/\/www.misdetallesdeboda.com\/detalles\/wp-json\/wp\/v2\/media\/5847"}],"wp:attachment":[{"href":"https:\/\/www.misdetallesdeboda.com\/detalles\/wp-json\/wp\/v2\/media?parent=5846"}],"wp:term":[{"taxonomy":"product_brand","embeddable":true,"href":"https:\/\/www.misdetallesdeboda.com\/detalles\/wp-json\/wp\/v2\/product_brand?post=5846"},{"taxonomy":"product_cat","embeddable":true,"href":"https:\/\/www.misdetallesdeboda.com\/detalles\/wp-json\/wp\/v2\/product_cat?post=5846"},{"taxonomy":"product_tag","embeddable":true,"href":"https:\/\/www.misdetallesdeboda.com\/detalles\/wp-json\/wp\/v2\/product_tag?post=5846"}],"curies":[{"name":"wp","href":"https:\/\/api.w.org\/{rel}","templated":true}]}}