{"id":5832,"date":"2017-03-14T16:51:06","date_gmt":"2017-03-14T16:51:06","guid":{"rendered":"http:\/\/www.misdetallesdeboda.com\/detalles\/?post_type=product&#038;p=5832"},"modified":"2018-07-01T07:10:34","modified_gmt":"2018-07-01T07:10:34","slug":"espejo-etnico-redondo","status":"publish","type":"product","link":"https:\/\/www.misdetallesdeboda.com\/detalles\/producto\/espejo-etnico-redondo\/","title":{"rendered":"Espejo Etnico Redondo"},"content":{"rendered":"<p>ESPEJO \u00abETNICO\u00bb REDONDO PARA RECUERDO DE INVITADOS DE BODA BAUTIZO Y COMUNI\u00d3N<\/p>\n<p>Os presentamos una nueva l\u00ednea de espejos con dise\u00f1os \u00e9tnicos que seguro que enamorar\u00e1n.<\/p>\n<p>Se sirven surtidos en 4 modelos.<\/p>\n<p>Medidas: 7cm di\u00e1metro<\/p>\n<p>Pedido m\u00ednimo 15 unidades<\/p>\n<p>POSIBILIDAD DE PRESENTAR LOS ESPEJOS DECORADOS EN BOLSITA RUSTICA DE YUTE CON LAZO DE RAFIA Y TARJETA RECORDATORIA PERSONALIZADA \u00a1LISTO PARA ENTREGAR A LAS INVITADAS!<\/p>\n<p>PEDIDO M\u00cdNIMO PARA ESPEJOS CON BOLSA: 30 UNIDADES<\/p>\n","protected":false},"excerpt":{"rendered":"<p>ESPEJO \u00abETNICO\u00bb REDONDO PARA RECUERDO DE INVITADOS DE BODA BAUTIZO Y COMUNI\u00d3N Os presentamos una nueva l\u00ednea de espejos con dise\u00f1os \u00e9tnicos que seguro que enamorar\u00e1n. Se sirven surtidos en 4 modelos. Medidas: 7cm di\u00e1metro [&hellip;]<\/p>\n","protected":false},"featured_media":5833,"template":"","meta":[],"product_brand":[],"product_cat":[53],"product_tag":[247],"class_list":{"0":"post-5832","1":"product","2":"type-product","3":"status-publish","4":"has-post-thumbnail","6":"product_cat-espejos","7":"product_tag-boda-tematica-etnica","8":"clearfix","10":"first","11":"instock","12":"shipping-taxable","13":"purchasable","14":"product-type-variable"},"_links":{"self":[{"href":"https:\/\/www.misdetallesdeboda.com\/detalles\/wp-json\/wp\/v2\/product\/5832","targetHints":{"allow":["GET"]}}],"collection":[{"href":"https:\/\/www.misdetallesdeboda.com\/detalles\/wp-json\/wp\/v2\/product"}],"about":[{"href":"https:\/\/www.misdetallesdeboda.com\/detalles\/wp-json\/wp\/v2\/types\/product"}],"wp:featuredmedia":[{"embeddable":true,"href":"https:\/\/www.misdetallesdeboda.com\/detalles\/wp-json\/wp\/v2\/media\/5833"}],"wp:attachment":[{"href":"https:\/\/www.misdetallesdeboda.com\/detalles\/wp-json\/wp\/v2\/media?parent=5832"}],"wp:term":[{"taxonomy":"product_brand","embeddable":true,"href":"https:\/\/www.misdetallesdeboda.com\/detalles\/wp-json\/wp\/v2\/product_brand?post=5832"},{"taxonomy":"product_cat","embeddable":true,"href":"https:\/\/www.misdetallesdeboda.com\/detalles\/wp-json\/wp\/v2\/product_cat?post=5832"},{"taxonomy":"product_tag","embeddable":true,"href":"https:\/\/www.misdetallesdeboda.com\/detalles\/wp-json\/wp\/v2\/product_tag?post=5832"}],"curies":[{"name":"wp","href":"https:\/\/api.w.org\/{rel}","templated":true}]}}