{"id":5726,"date":"2017-02-25T15:12:38","date_gmt":"2017-02-25T15:12:38","guid":{"rendered":"http:\/\/www.misdetallesdeboda.com\/detalles\/?post_type=product&#038;p=5726"},"modified":"2024-05-08T18:16:32","modified_gmt":"2024-05-08T18:16:32","slug":"raqueta-recuerdo-comunion","status":"publish","type":"product","link":"https:\/\/www.misdetallesdeboda.com\/detalles\/producto\/raqueta-recuerdo-comunion\/","title":{"rendered":"Raqueta de b\u00e1dminton y funda con golosinas"},"content":{"rendered":"<p>Completo recuerdo para los ni\u00f1os y ni\u00f1as<br \/>\nRaqueta de badminton con volante y funda m\u00e1s chuches<br \/>\nViene envuleta en celof\u00e1n con lazo, lista para entregar a los invitados<\/p>\n<p>Pedido m\u00ednimo 10 unidades<\/p>\n","protected":false},"excerpt":{"rendered":"<p>Completo recuerdo para los ni\u00f1os y ni\u00f1as Raqueta de badminton con volante y funda m\u00e1s chuches Viene envuleta en celof\u00e1n con lazo, lista para entregar a los invitados Pedido m\u00ednimo 10 unidades<\/p>\n","protected":false},"featured_media":11240,"template":"","meta":[],"product_brand":[],"product_cat":[166,42],"product_tag":[258],"class_list":{"0":"post-5726","1":"product","2":"type-product","3":"status-publish","4":"has-post-thumbnail","6":"product_cat-cumpleanos","7":"product_cat-comunion","8":"product_tag-detalle-emoticonos","9":"clearfix","11":"first","12":"outofstock","13":"shipping-taxable","14":"purchasable","15":"product-type-simple"},"_links":{"self":[{"href":"https:\/\/www.misdetallesdeboda.com\/detalles\/wp-json\/wp\/v2\/product\/5726","targetHints":{"allow":["GET"]}}],"collection":[{"href":"https:\/\/www.misdetallesdeboda.com\/detalles\/wp-json\/wp\/v2\/product"}],"about":[{"href":"https:\/\/www.misdetallesdeboda.com\/detalles\/wp-json\/wp\/v2\/types\/product"}],"wp:featuredmedia":[{"embeddable":true,"href":"https:\/\/www.misdetallesdeboda.com\/detalles\/wp-json\/wp\/v2\/media\/11240"}],"wp:attachment":[{"href":"https:\/\/www.misdetallesdeboda.com\/detalles\/wp-json\/wp\/v2\/media?parent=5726"}],"wp:term":[{"taxonomy":"product_brand","embeddable":true,"href":"https:\/\/www.misdetallesdeboda.com\/detalles\/wp-json\/wp\/v2\/product_brand?post=5726"},{"taxonomy":"product_cat","embeddable":true,"href":"https:\/\/www.misdetallesdeboda.com\/detalles\/wp-json\/wp\/v2\/product_cat?post=5726"},{"taxonomy":"product_tag","embeddable":true,"href":"https:\/\/www.misdetallesdeboda.com\/detalles\/wp-json\/wp\/v2\/product_tag?post=5726"}],"curies":[{"name":"wp","href":"https:\/\/api.w.org\/{rel}","templated":true}]}}