{"id":570,"date":"2014-06-16T08:44:32","date_gmt":"2014-06-16T08:44:32","guid":{"rendered":"http:\/\/www.misdetallesdeboda.com\/detalles\/?product=abanico-personalizado-23cm-texto-flores"},"modified":"2021-05-04T16:31:18","modified_gmt":"2021-05-04T16:31:18","slug":"abanico-personalizado-foto-original","status":"publish","type":"product","link":"https:\/\/www.misdetallesdeboda.com\/detalles\/producto\/abanico-personalizado-foto-original\/","title":{"rendered":"Abanico Personalizado con foto flores azules"},"content":{"rendered":"<p>Original y exclusivo abanico\u00a0 personalizado con la foto del ni\u00f1@ para regalo de invitados de comuni\u00f3n.<br \/>\nModelo flores azules<br \/>\nAbanico de pl\u00e1stico y tela 23cm<br \/>\nTela blanca <\/p>\n<p>Personalizado a todo color con\u00a0 texto personalizado.<\/p>\n<p>Presentado en cajita de cart\u00f3n individual<\/p>\n<p>Pedido m\u00ednimo 25 unidades.<\/p>\n<p>Una vez enviado el pedido, enviar el texto y la foto con buena calidad a nuestro email: info@misdetallesdeboda.com<br \/>\nTras el pago del pedido la grafica hace una imagen de muestra de como queda el abanico para que el cliente pueda visualizar y dar el ok a la fabricaci\u00f3n <\/p>\n<p>No se aceptan devoluciones de abanicos personalizados<\/p>\n","protected":false},"excerpt":{"rendered":"<p>Original y exclusivo abanico\u00a0 personalizado con la foto del ni\u00f1@ para regalo de invitados de comuni\u00f3n. Modelo flores azules Abanico de pl\u00e1stico y tela 23cm Tela blanca Personalizado a todo color con\u00a0 texto personalizado. Presentado [&hellip;]<\/p>\n","protected":false},"featured_media":12245,"template":"","meta":[],"product_brand":[],"product_cat":[18],"product_tag":[],"class_list":{"0":"post-570","1":"product","2":"type-product","3":"status-publish","4":"has-post-thumbnail","6":"product_cat-abanico_personalizado","7":"clearfix","9":"first","10":"instock","11":"shipping-taxable","12":"purchasable","13":"product-type-simple"},"_links":{"self":[{"href":"https:\/\/www.misdetallesdeboda.com\/detalles\/wp-json\/wp\/v2\/product\/570","targetHints":{"allow":["GET"]}}],"collection":[{"href":"https:\/\/www.misdetallesdeboda.com\/detalles\/wp-json\/wp\/v2\/product"}],"about":[{"href":"https:\/\/www.misdetallesdeboda.com\/detalles\/wp-json\/wp\/v2\/types\/product"}],"wp:featuredmedia":[{"embeddable":true,"href":"https:\/\/www.misdetallesdeboda.com\/detalles\/wp-json\/wp\/v2\/media\/12245"}],"wp:attachment":[{"href":"https:\/\/www.misdetallesdeboda.com\/detalles\/wp-json\/wp\/v2\/media?parent=570"}],"wp:term":[{"taxonomy":"product_brand","embeddable":true,"href":"https:\/\/www.misdetallesdeboda.com\/detalles\/wp-json\/wp\/v2\/product_brand?post=570"},{"taxonomy":"product_cat","embeddable":true,"href":"https:\/\/www.misdetallesdeboda.com\/detalles\/wp-json\/wp\/v2\/product_cat?post=570"},{"taxonomy":"product_tag","embeddable":true,"href":"https:\/\/www.misdetallesdeboda.com\/detalles\/wp-json\/wp\/v2\/product_tag?post=570"}],"curies":[{"name":"wp","href":"https:\/\/api.w.org\/{rel}","templated":true}]}}