{"id":5549,"date":"2017-01-24T19:32:02","date_gmt":"2017-01-24T19:32:02","guid":{"rendered":"http:\/\/www.misdetallesdeboda.com\/detalles\/producto\/abrebotellas-simbolo-union-en-cajita\/"},"modified":"2021-03-23T11:59:32","modified_gmt":"2021-03-23T11:59:32","slug":"abrebotellas-simbolo-union-en-cajita","status":"publish","type":"product","link":"https:\/\/www.misdetallesdeboda.com\/detalles\/producto\/abrebotellas-simbolo-union-en-cajita\/","title":{"rendered":"Abrebotellas simbolo uni\u00f3n &#038;"},"content":{"rendered":"<p>ABREBOTELLAS \u00abSYMBOLO UNION &#038;\u00bb<br \/>\nAbridor de botellas con la letra \u00ab&#038;\u00bb, que mejor simbolo de uni\u00f3n para regalar en una boda que este.<\/p>\n<p>Medidas: 6 x 6cm<\/p>\n<p>Presentaci\u00f3n sobre: 13,2 x 7cm<\/p>\n<p>Pedido m\u00ednimo 10 unidades<\/p>\n","protected":false},"excerpt":{"rendered":"<p>ABREBOTELLAS \u00abSYMBOLO UNION &#038;\u00bb Abridor de botellas con la letra \u00ab&#038;\u00bb, que mejor simbolo de uni\u00f3n para regalar en una boda que este. Medidas: 6 x 6cm Presentaci\u00f3n sobre: 13,2 x 7cm Pedido m\u00ednimo 10 [&hellip;]<\/p>\n","protected":false},"featured_media":5550,"template":"","meta":[],"product_brand":[],"product_cat":[192,19,39],"product_tag":[],"class_list":{"0":"post-5549","1":"product","2":"type-product","3":"status-publish","4":"has-post-thumbnail","6":"product_cat-detalles-utiles","7":"product_cat-abrebotellas","8":"product_cat-regalosoriginales","9":"clearfix","11":"first","12":"instock","13":"shipping-taxable","14":"purchasable","15":"product-type-simple"},"_links":{"self":[{"href":"https:\/\/www.misdetallesdeboda.com\/detalles\/wp-json\/wp\/v2\/product\/5549","targetHints":{"allow":["GET"]}}],"collection":[{"href":"https:\/\/www.misdetallesdeboda.com\/detalles\/wp-json\/wp\/v2\/product"}],"about":[{"href":"https:\/\/www.misdetallesdeboda.com\/detalles\/wp-json\/wp\/v2\/types\/product"}],"wp:featuredmedia":[{"embeddable":true,"href":"https:\/\/www.misdetallesdeboda.com\/detalles\/wp-json\/wp\/v2\/media\/5550"}],"wp:attachment":[{"href":"https:\/\/www.misdetallesdeboda.com\/detalles\/wp-json\/wp\/v2\/media?parent=5549"}],"wp:term":[{"taxonomy":"product_brand","embeddable":true,"href":"https:\/\/www.misdetallesdeboda.com\/detalles\/wp-json\/wp\/v2\/product_brand?post=5549"},{"taxonomy":"product_cat","embeddable":true,"href":"https:\/\/www.misdetallesdeboda.com\/detalles\/wp-json\/wp\/v2\/product_cat?post=5549"},{"taxonomy":"product_tag","embeddable":true,"href":"https:\/\/www.misdetallesdeboda.com\/detalles\/wp-json\/wp\/v2\/product_tag?post=5549"}],"curies":[{"name":"wp","href":"https:\/\/api.w.org\/{rel}","templated":true}]}}