{"id":5493,"date":"2017-01-24T08:32:19","date_gmt":"2017-01-24T08:32:19","guid":{"rendered":"http:\/\/www.misdetallesdeboda.com\/detalles\/producto\/llavero-porta-llaves-piel-marron\/"},"modified":"2019-10-10T12:44:22","modified_gmt":"2019-10-10T12:44:22","slug":"llavero-porta-llaves-piel-marron","status":"publish","type":"product","link":"https:\/\/www.misdetallesdeboda.com\/detalles\/producto\/llavero-porta-llaves-piel-marron\/","title":{"rendered":"Llavero porta llaves piel marr\u00f3n"},"content":{"rendered":"<p>Original llavero porta llaves piel marr\u00f3n para regalar a los invitados de su boda.<\/p>\n<p>Muy practico para guardar las llaves de manera c\u00f3moda en el bolsillo.<\/p>\n<p>Un detalle que todos los invitados agradecer\u00e1n.<\/p>\n<p>Pedido m\u00ednimo 15 unidades.<\/p>\n","protected":false},"excerpt":{"rendered":"<p>Original llavero porta llaves piel marr\u00f3n para regalar a los invitados de su boda. Muy practico para guardar las llaves de manera c\u00f3moda en el bolsillo. Un detalle que todos los invitados agradecer\u00e1n. Pedido m\u00ednimo [&hellip;]<\/p>\n","protected":false},"featured_media":5494,"template":"","meta":[],"product_brand":[],"product_cat":[37,39,51],"product_tag":[194],"class_list":{"0":"post-5493","1":"product","2":"type-product","3":"status-publish","4":"has-post-thumbnail","6":"product_cat-recuerdos_caballeros","7":"product_cat-regalosoriginales","8":"product_cat-llaveros","9":"product_tag-boda-color-marron","10":"clearfix","12":"first","13":"instock","14":"shipping-taxable","15":"purchasable","16":"product-type-simple"},"_links":{"self":[{"href":"https:\/\/www.misdetallesdeboda.com\/detalles\/wp-json\/wp\/v2\/product\/5493","targetHints":{"allow":["GET"]}}],"collection":[{"href":"https:\/\/www.misdetallesdeboda.com\/detalles\/wp-json\/wp\/v2\/product"}],"about":[{"href":"https:\/\/www.misdetallesdeboda.com\/detalles\/wp-json\/wp\/v2\/types\/product"}],"wp:featuredmedia":[{"embeddable":true,"href":"https:\/\/www.misdetallesdeboda.com\/detalles\/wp-json\/wp\/v2\/media\/5494"}],"wp:attachment":[{"href":"https:\/\/www.misdetallesdeboda.com\/detalles\/wp-json\/wp\/v2\/media?parent=5493"}],"wp:term":[{"taxonomy":"product_brand","embeddable":true,"href":"https:\/\/www.misdetallesdeboda.com\/detalles\/wp-json\/wp\/v2\/product_brand?post=5493"},{"taxonomy":"product_cat","embeddable":true,"href":"https:\/\/www.misdetallesdeboda.com\/detalles\/wp-json\/wp\/v2\/product_cat?post=5493"},{"taxonomy":"product_tag","embeddable":true,"href":"https:\/\/www.misdetallesdeboda.com\/detalles\/wp-json\/wp\/v2\/product_tag?post=5493"}],"curies":[{"name":"wp","href":"https:\/\/api.w.org\/{rel}","templated":true}]}}