{"id":5431,"date":"2017-01-21T16:53:07","date_gmt":"2017-01-21T16:53:07","guid":{"rendered":"http:\/\/www.misdetallesdeboda.com\/detalles\/producto\/figura-pastel-metalica-silueta-mascota\/"},"modified":"2017-01-21T16:55:07","modified_gmt":"2017-01-21T16:55:07","slug":"figura-pastel-metalica-silueta-mascota","status":"publish","type":"product","link":"https:\/\/www.misdetallesdeboda.com\/detalles\/producto\/figura-pastel-metalica-silueta-mascota\/","title":{"rendered":"Figura pastel metalica silueta mascota"},"content":{"rendered":"<p>FIGURA PASTEL MET\u00c1LICA PERRO<\/p>\n<p>No nos podiamos olvidar de los amantes de los perros.<\/p>\n<p>Para vosotros tamb\u00eden hemos traido una figura en representaci\u00f3n de las mascotas.<\/p>\n<p>Medidas: 18 x 7 x 18cm<\/p>\n","protected":false},"excerpt":{"rendered":"<p>FIGURA PASTEL MET\u00c1LICA PERRO No nos podiamos olvidar de los amantes de los perros. Para vosotros tamb\u00eden hemos traido una figura en representaci\u00f3n de las mascotas. Medidas: 18 x 7 x 18cm<\/p>\n","protected":false},"featured_media":5432,"template":"","meta":[],"product_brand":[],"product_cat":[72],"product_tag":[225],"class_list":{"0":"post-5431","1":"product","2":"type-product","3":"status-publish","4":"has-post-thumbnail","6":"product_cat-figuras","7":"product_tag-boda-tematica-perros","8":"clearfix","10":"first","11":"instock","12":"shipping-taxable","13":"purchasable","14":"product-type-simple"},"_links":{"self":[{"href":"https:\/\/www.misdetallesdeboda.com\/detalles\/wp-json\/wp\/v2\/product\/5431","targetHints":{"allow":["GET"]}}],"collection":[{"href":"https:\/\/www.misdetallesdeboda.com\/detalles\/wp-json\/wp\/v2\/product"}],"about":[{"href":"https:\/\/www.misdetallesdeboda.com\/detalles\/wp-json\/wp\/v2\/types\/product"}],"wp:featuredmedia":[{"embeddable":true,"href":"https:\/\/www.misdetallesdeboda.com\/detalles\/wp-json\/wp\/v2\/media\/5432"}],"wp:attachment":[{"href":"https:\/\/www.misdetallesdeboda.com\/detalles\/wp-json\/wp\/v2\/media?parent=5431"}],"wp:term":[{"taxonomy":"product_brand","embeddable":true,"href":"https:\/\/www.misdetallesdeboda.com\/detalles\/wp-json\/wp\/v2\/product_brand?post=5431"},{"taxonomy":"product_cat","embeddable":true,"href":"https:\/\/www.misdetallesdeboda.com\/detalles\/wp-json\/wp\/v2\/product_cat?post=5431"},{"taxonomy":"product_tag","embeddable":true,"href":"https:\/\/www.misdetallesdeboda.com\/detalles\/wp-json\/wp\/v2\/product_tag?post=5431"}],"curies":[{"name":"wp","href":"https:\/\/api.w.org\/{rel}","templated":true}]}}