{"id":5103,"date":"2016-12-02T15:31:21","date_gmt":"2016-12-02T15:31:21","guid":{"rendered":"http:\/\/www.misdetallesdeboda.com\/detalles\/producto\/cono-para-petalos-personalizado-y-con-bordado\/"},"modified":"2019-07-02T06:53:01","modified_gmt":"2019-07-02T06:53:01","slug":"cono-para-petalos-personalizado-y-con-bordado","status":"publish","type":"product","link":"https:\/\/www.misdetallesdeboda.com\/detalles\/producto\/cono-para-petalos-personalizado-y-con-bordado\/","title":{"rendered":"Cono de cartulina blanco"},"content":{"rendered":"<p>Elegante cono cartulina color blanco para poner p\u00e9talos, arroz o flores secas.<\/p>\n<p><strong>Atenci\u00f3n: Se sirve desmontado, acompa\u00f1a cintas adhesivas doble cara para cerrar el cono.<\/strong><\/p>\n<p>Pedido m\u00ednimo 20 unidades, los pedidos deben ser m\u00faltiplos de 10: 20,30,40,50,60, etc<\/p>\n<p>Medida: 15cm largo<\/p>\n","protected":false},"excerpt":{"rendered":"<p>Elegante cono cartulina color blanco para poner p\u00e9talos, arroz o flores secas. Atenci\u00f3n: Se sirve desmontado, acompa\u00f1a cintas adhesivas doble cara para cerrar el cono. Pedido m\u00ednimo 20 unidades, los pedidos deben ser m\u00faltiplos de [&hellip;]<\/p>\n","protected":false},"featured_media":6059,"template":"","meta":[],"product_brand":[],"product_cat":[138],"product_tag":[172],"class_list":{"0":"post-5103","1":"product","2":"type-product","3":"status-publish","4":"has-post-thumbnail","6":"product_cat-decoracion-de-yute","7":"product_tag-boda-color-blanco","8":"clearfix","10":"first","11":"instock","12":"sale","13":"shipping-taxable","14":"purchasable","15":"product-type-simple"},"_links":{"self":[{"href":"https:\/\/www.misdetallesdeboda.com\/detalles\/wp-json\/wp\/v2\/product\/5103","targetHints":{"allow":["GET"]}}],"collection":[{"href":"https:\/\/www.misdetallesdeboda.com\/detalles\/wp-json\/wp\/v2\/product"}],"about":[{"href":"https:\/\/www.misdetallesdeboda.com\/detalles\/wp-json\/wp\/v2\/types\/product"}],"wp:featuredmedia":[{"embeddable":true,"href":"https:\/\/www.misdetallesdeboda.com\/detalles\/wp-json\/wp\/v2\/media\/6059"}],"wp:attachment":[{"href":"https:\/\/www.misdetallesdeboda.com\/detalles\/wp-json\/wp\/v2\/media?parent=5103"}],"wp:term":[{"taxonomy":"product_brand","embeddable":true,"href":"https:\/\/www.misdetallesdeboda.com\/detalles\/wp-json\/wp\/v2\/product_brand?post=5103"},{"taxonomy":"product_cat","embeddable":true,"href":"https:\/\/www.misdetallesdeboda.com\/detalles\/wp-json\/wp\/v2\/product_cat?post=5103"},{"taxonomy":"product_tag","embeddable":true,"href":"https:\/\/www.misdetallesdeboda.com\/detalles\/wp-json\/wp\/v2\/product_tag?post=5103"}],"curies":[{"name":"wp","href":"https:\/\/api.w.org\/{rel}","templated":true}]}}