{"id":5016,"date":"2016-11-01T15:29:05","date_gmt":"2016-11-01T15:29:05","guid":{"rendered":"http:\/\/www.misdetallesdeboda.com\/detalles\/producto\/saco-para-botella-de-vino-decorado-con-flor-1-litro\/"},"modified":"2025-10-31T15:51:39","modified_gmt":"2025-10-31T15:51:39","slug":"bolsa-botella-vino-boda-rustico","status":"publish","type":"product","link":"https:\/\/www.misdetallesdeboda.com\/detalles\/producto\/bolsa-botella-vino-boda-rustico\/","title":{"rendered":"Saco rustico para botella de vino encaje varios tama\u00f1os"},"content":{"rendered":"<p>Exclusivo saco rustico para botellas hecho de yute (arpillera) decorado con encaje de algod\u00f3n blanco de bolitas<\/p>\n<p>Ideal para poner botellas de vino, cerveza, licor o cava.<\/p>\n<p>Acompa\u00f1a cord\u00f3n de yute para el lazo<\/p>\n<p>Atenci\u00f3n disponemos de 3 tama\u00f1os:<\/p>\n<p>Tama\u00f1os:<\/p>\n<p>30cm de largo X 11cm de ancho. Sirve para botellas de hasta 6cm de diametro de la base, suelen ser botellas de 37,5cl o tres octavos<\/p>\n<p>34 cm de largo X 12 cm de ancho. Sirve para botellas de hasta 7 cm de diametro de la base, suelen ser botellas de 75cl o tres cuartos<\/p>\n<p>35 cm de largo X 13,5 cm de ancho. Sirve para botellas de hasta 8 cm de diametro de la base, suelen ser botellas de 1 litro<\/p>\n<p>Para los que buscan una decoraci\u00f3n rustica y unica para las botellas de vino de la boda<\/p>\n<p>Costuras interiores<\/p>\n<p>Pedido m\u00ednimo 15 unidades<\/p>\n","protected":false},"excerpt":{"rendered":"<p>Exclusivo saco rustico para botellas hecho de yute (arpillera) decorado con encaje de algod\u00f3n blanco de bolitas Ideal para poner botellas de vino, cerveza, licor o cava. Acompa\u00f1a cord\u00f3n de yute para el lazo Atenci\u00f3n [&hellip;]<\/p>\n","protected":false},"featured_media":18011,"template":"","meta":[],"product_brand":[],"product_cat":[137],"product_tag":[149],"class_list":{"0":"post-5016","1":"product","2":"type-product","3":"status-publish","4":"has-post-thumbnail","6":"product_cat-bolsas-de-yute","7":"product_tag-decoracion-rustica","8":"clearfix","10":"first","11":"instock","12":"shipping-taxable","13":"purchasable","14":"product-type-variable"},"_links":{"self":[{"href":"https:\/\/www.misdetallesdeboda.com\/detalles\/wp-json\/wp\/v2\/product\/5016","targetHints":{"allow":["GET"]}}],"collection":[{"href":"https:\/\/www.misdetallesdeboda.com\/detalles\/wp-json\/wp\/v2\/product"}],"about":[{"href":"https:\/\/www.misdetallesdeboda.com\/detalles\/wp-json\/wp\/v2\/types\/product"}],"wp:featuredmedia":[{"embeddable":true,"href":"https:\/\/www.misdetallesdeboda.com\/detalles\/wp-json\/wp\/v2\/media\/18011"}],"wp:attachment":[{"href":"https:\/\/www.misdetallesdeboda.com\/detalles\/wp-json\/wp\/v2\/media?parent=5016"}],"wp:term":[{"taxonomy":"product_brand","embeddable":true,"href":"https:\/\/www.misdetallesdeboda.com\/detalles\/wp-json\/wp\/v2\/product_brand?post=5016"},{"taxonomy":"product_cat","embeddable":true,"href":"https:\/\/www.misdetallesdeboda.com\/detalles\/wp-json\/wp\/v2\/product_cat?post=5016"},{"taxonomy":"product_tag","embeddable":true,"href":"https:\/\/www.misdetallesdeboda.com\/detalles\/wp-json\/wp\/v2\/product_tag?post=5016"}],"curies":[{"name":"wp","href":"https:\/\/api.w.org\/{rel}","templated":true}]}}