{"id":5006,"date":"2016-11-01T15:09:20","date_gmt":"2016-11-01T15:09:20","guid":{"rendered":"http:\/\/www.misdetallesdeboda.com\/detalles\/producto\/saco-de-yute-con-bordado-blanco-para-botella-de-vino-375cl\/"},"modified":"2023-03-17T17:58:13","modified_gmt":"2023-03-17T17:58:13","slug":"saco-de-yute-con-bordado-blanco-para-botella-de-vino-375cl","status":"publish","type":"product","link":"https:\/\/www.misdetallesdeboda.com\/detalles\/producto\/saco-de-yute-con-bordado-blanco-para-botella-de-vino-375cl\/","title":{"rendered":"Saco de yute decorado con bordado para botella varios tama\u00f1os"},"content":{"rendered":"<p>Saco para botella de vino de yute para presentar botellas recuerdos de boda.<\/p>\n<p>Acompa\u00f1a cinta de organza para atar el lazo.<\/p>\n<p>Adornado con bordado blanco arriba<\/p>\n<p>Atenci\u00f3n disponemos de 3 tama\u00f1os:<\/p>\n<p>Tama\u00f1os:<\/p>\n<p>30cm de largo X 11cm de ancho. Sirve para botellas de hasta 6cm de diametro de la base, suelen ser botellas de 37,5cl o tres octavos<\/p>\n<p>34 cm de largo X 12 cm de ancho. Sirve para botellas de hasta 7 cm de diametro de la base, suelen ser botellas de 75cl o tres cuartos<\/p>\n<p>35 cm de largo X 13,5 cm de ancho. Sirve para botellas de hasta 8 cm de diametro de la base, suelen ser botellas de 1 litro<\/p>\n<p>Para los que buscan una decoraci\u00f3n rustica y unica para las botellas de vino de la boda<\/p>\n<p>Costura interior, boca remallada<\/p>\n<p>Pedido m\u00ednimo 15 unidades<\/p>\n","protected":false},"excerpt":{"rendered":"<p>Saco para botella de vino de yute para presentar botellas recuerdos de boda. Acompa\u00f1a cinta de organza para atar el lazo. Adornado con bordado blanco arriba Atenci\u00f3n disponemos de 3 tama\u00f1os: Tama\u00f1os: 30cm de largo [&hellip;]<\/p>\n","protected":false},"featured_media":4362,"template":"","meta":[],"product_brand":[],"product_cat":[137],"product_tag":[207,149],"class_list":{"0":"post-5006","1":"product","2":"type-product","3":"status-publish","4":"has-post-thumbnail","6":"product_cat-bolsas-de-yute","7":"product_tag-boda-tematica-rustica","8":"product_tag-decoracion-rustica","9":"clearfix","11":"first","12":"outofstock","13":"shipping-taxable","14":"purchasable","15":"product-type-variable"},"_links":{"self":[{"href":"https:\/\/www.misdetallesdeboda.com\/detalles\/wp-json\/wp\/v2\/product\/5006","targetHints":{"allow":["GET"]}}],"collection":[{"href":"https:\/\/www.misdetallesdeboda.com\/detalles\/wp-json\/wp\/v2\/product"}],"about":[{"href":"https:\/\/www.misdetallesdeboda.com\/detalles\/wp-json\/wp\/v2\/types\/product"}],"wp:featuredmedia":[{"embeddable":true,"href":"https:\/\/www.misdetallesdeboda.com\/detalles\/wp-json\/wp\/v2\/media\/4362"}],"wp:attachment":[{"href":"https:\/\/www.misdetallesdeboda.com\/detalles\/wp-json\/wp\/v2\/media?parent=5006"}],"wp:term":[{"taxonomy":"product_brand","embeddable":true,"href":"https:\/\/www.misdetallesdeboda.com\/detalles\/wp-json\/wp\/v2\/product_brand?post=5006"},{"taxonomy":"product_cat","embeddable":true,"href":"https:\/\/www.misdetallesdeboda.com\/detalles\/wp-json\/wp\/v2\/product_cat?post=5006"},{"taxonomy":"product_tag","embeddable":true,"href":"https:\/\/www.misdetallesdeboda.com\/detalles\/wp-json\/wp\/v2\/product_tag?post=5006"}],"curies":[{"name":"wp","href":"https:\/\/api.w.org\/{rel}","templated":true}]}}