{"id":4979,"date":"2016-11-01T14:48:02","date_gmt":"2016-11-01T14:48:02","guid":{"rendered":"http:\/\/www.misdetallesdeboda.com\/detalles\/producto\/saco-para-botella-de-vino-75cl-decorado-corazon\/"},"modified":"2025-10-31T16:49:52","modified_gmt":"2025-10-31T16:49:52","slug":"saco-para-botella-de-vino-75cl-decorado-corazon","status":"publish","type":"product","link":"https:\/\/www.misdetallesdeboda.com\/detalles\/producto\/saco-para-botella-de-vino-75cl-decorado-corazon\/","title":{"rendered":"Saco para botella de vino varios tama\u00f1os  lunares colores"},"content":{"rendered":"<p>Sacos rusticos para botella, ideal para regalo de invitados.<\/p>\n<p>Hecho de yute color natural y pintados a mano<\/p>\n<p>Acompa\u00f1a cord\u00f3n de yute para atar el lazo y <\/p>\n<p>GRATIS PARA PEDIDOS DE M\u00c1S DE 30 UNIDADES: TARJETA PERSONALIZADA CON NOMBRES Y FECHA <\/p>\n<p>Cada saco est\u00e1 adornado con pintura de lunares blancos, rosa o azul. Se puede elegir color de los lunares o servir surtidos<\/p>\n<p>Atenci\u00f3n disponemos de 3 tama\u00f1os:<\/p>\n<p>Tama\u00f1os:<\/p>\n<p>-28cm de largo X 11cm de ancho. Sirve para botellas de hasta 6cm de di\u00e1metro de la base, suelen ser botellas de 37,5cl o tres octavos<\/p>\n<p>-34 cm de largo X 12 cm de ancho. Sirve para botellas de hasta 7 cm de di\u00e1metro de la base, suelen ser botellas de 75cl o tres cuartos<\/p>\n<p>-35 cm de largo X 13,5 cm de ancho. Sirve para botellas de hasta 8 cm de di\u00e1metro de la base, suelen ser botellas de 1 litro<\/p>\n<p>Para los que buscan una decoraci\u00f3n rustica y \u00fanica para las botellas de vino de la boda<\/p>\n<p>Costura interior, boca con flecos<\/p>\n<p>Pedido m\u00ednimo 15 unidades<\/p>\n","protected":false},"excerpt":{"rendered":"<p>Sacos rusticos para botella, ideal para regalo de invitados. Hecho de yute color natural y pintados a mano Acompa\u00f1a cord\u00f3n de yute para atar el lazo y GRATIS PARA PEDIDOS DE M\u00c1S DE 30 UNIDADES: [&hellip;]<\/p>\n","protected":false},"featured_media":18012,"template":"","meta":[],"product_brand":[],"product_cat":[137],"product_tag":[207,218],"class_list":{"0":"post-4979","1":"product","2":"type-product","3":"status-publish","4":"has-post-thumbnail","6":"product_cat-bolsas-de-yute","7":"product_tag-boda-tematica-rustica","8":"product_tag-boda-tematica-vintage","9":"clearfix","11":"first","12":"instock","13":"shipping-taxable","14":"purchasable","15":"product-type-variable"},"_links":{"self":[{"href":"https:\/\/www.misdetallesdeboda.com\/detalles\/wp-json\/wp\/v2\/product\/4979","targetHints":{"allow":["GET"]}}],"collection":[{"href":"https:\/\/www.misdetallesdeboda.com\/detalles\/wp-json\/wp\/v2\/product"}],"about":[{"href":"https:\/\/www.misdetallesdeboda.com\/detalles\/wp-json\/wp\/v2\/types\/product"}],"wp:featuredmedia":[{"embeddable":true,"href":"https:\/\/www.misdetallesdeboda.com\/detalles\/wp-json\/wp\/v2\/media\/18012"}],"wp:attachment":[{"href":"https:\/\/www.misdetallesdeboda.com\/detalles\/wp-json\/wp\/v2\/media?parent=4979"}],"wp:term":[{"taxonomy":"product_brand","embeddable":true,"href":"https:\/\/www.misdetallesdeboda.com\/detalles\/wp-json\/wp\/v2\/product_brand?post=4979"},{"taxonomy":"product_cat","embeddable":true,"href":"https:\/\/www.misdetallesdeboda.com\/detalles\/wp-json\/wp\/v2\/product_cat?post=4979"},{"taxonomy":"product_tag","embeddable":true,"href":"https:\/\/www.misdetallesdeboda.com\/detalles\/wp-json\/wp\/v2\/product_tag?post=4979"}],"curies":[{"name":"wp","href":"https:\/\/api.w.org\/{rel}","templated":true}]}}