{"id":477,"date":"2014-06-16T08:43:24","date_gmt":"2014-06-16T08:43:24","guid":{"rendered":"http:\/\/www.misdetallesdeboda.com\/detalles\/?product=campanilla-de-metal-con-corazon-porta-notas"},"modified":"2020-02-26T08:36:06","modified_gmt":"2020-02-26T08:36:06","slug":"campanilla-de-metal-con-corazon-porta-notas","status":"publish","type":"product","link":"https:\/\/www.misdetallesdeboda.com\/detalles\/producto\/campanilla-de-metal-con-corazon-porta-notas\/","title":{"rendered":"Set 2 posavasos novios en cajita"},"content":{"rendered":"<p>Estos bonitos posavasos son el regalo perfecto para regalar en tu boda! Con un rom\u00e1ntico vestido de novia y elegante smoking, todo el mundo recordar\u00e1 con cari\u00f1o el d\u00eda de su boda.<br \/>\nEl set est\u00e1 compuesto por 2 fant\u00e1sticos posavasos de cristal presentados en estuche de regalo, y decorado con lazo de organza blanco.<br \/>\nEl art\u00edculo se vende en set de 2 piezas, el novio y la novia.<br \/>\nLas medidas de cada posavasos son 9 x 9 cm.<br \/>\nPedido m\u00ednimo 10 unidades<\/p>\n","protected":false},"excerpt":{"rendered":"<p>Estos bonitos posavasos son el regalo perfecto para regalar en tu boda! Con un rom\u00e1ntico vestido de novia y elegante smoking, todo el mundo recordar\u00e1 con cari\u00f1o el d\u00eda de su boda. El set est\u00e1 [&hellip;]<\/p>\n","protected":false},"featured_media":1722,"template":"","meta":[],"product_brand":[],"product_cat":[160],"product_tag":[172,174],"class_list":{"0":"post-477","1":"product","2":"type-product","3":"status-publish","4":"has-post-thumbnail","6":"product_cat-posavasos","7":"product_tag-boda-color-blanco","8":"product_tag-boda-color-negro","9":"clearfix","11":"first","12":"instock","13":"shipping-taxable","14":"purchasable","15":"product-type-simple"},"_links":{"self":[{"href":"https:\/\/www.misdetallesdeboda.com\/detalles\/wp-json\/wp\/v2\/product\/477","targetHints":{"allow":["GET"]}}],"collection":[{"href":"https:\/\/www.misdetallesdeboda.com\/detalles\/wp-json\/wp\/v2\/product"}],"about":[{"href":"https:\/\/www.misdetallesdeboda.com\/detalles\/wp-json\/wp\/v2\/types\/product"}],"wp:featuredmedia":[{"embeddable":true,"href":"https:\/\/www.misdetallesdeboda.com\/detalles\/wp-json\/wp\/v2\/media\/1722"}],"wp:attachment":[{"href":"https:\/\/www.misdetallesdeboda.com\/detalles\/wp-json\/wp\/v2\/media?parent=477"}],"wp:term":[{"taxonomy":"product_brand","embeddable":true,"href":"https:\/\/www.misdetallesdeboda.com\/detalles\/wp-json\/wp\/v2\/product_brand?post=477"},{"taxonomy":"product_cat","embeddable":true,"href":"https:\/\/www.misdetallesdeboda.com\/detalles\/wp-json\/wp\/v2\/product_cat?post=477"},{"taxonomy":"product_tag","embeddable":true,"href":"https:\/\/www.misdetallesdeboda.com\/detalles\/wp-json\/wp\/v2\/product_tag?post=477"}],"curies":[{"name":"wp","href":"https:\/\/api.w.org\/{rel}","templated":true}]}}