{"id":4726,"date":"2016-08-04T07:49:33","date_gmt":"2016-08-04T07:49:33","guid":{"rendered":"http:\/\/www.misdetallesdeboda.com\/detalles\/?post_type=product&#038;p=4726"},"modified":"2023-03-06T18:21:43","modified_gmt":"2023-03-06T18:21:43","slug":"broche-para-regalar-a-los-invitados","status":"publish","type":"product","link":"https:\/\/www.misdetallesdeboda.com\/detalles\/producto\/broche-para-regalar-a-los-invitados\/","title":{"rendered":"Broche Animales con Pedrer\u00eda"},"content":{"rendered":"<div id=\"product-description-short-4029\">\n<p>Novedad temporada de bodas 2020<\/p>\n<p>BROCHE ANIMALES CON PEDRER\u00cdA<\/p>\n<p>Elegante broche de metal con\u00a0pedrer\u00eda con motivos de animales: lib\u00e9lula, tuc\u00e1n y cangrejo.<\/p>\n<p>Presentado en blister de cart\u00f3n con bolsa de celof\u00e1n transparente con cierre adhesivo.<\/p>\n<p>Se sirve surtido en\u00a03 modelos diferentes: lib\u00e9lula, tuc\u00e1n y cangrejo\/ Precio unitario.<\/p>\n<p>Medidas cart\u00f3n: 7,2cm x 5,2cm<\/p>\n<p>Medidas:\u00a03,2 x 3 cm aprox.<\/p>\n<\/div>\n<p>Pedido m\u00ednimo 10 unidades<\/p>\n","protected":false},"excerpt":{"rendered":"<p>Novedad temporada de bodas 2020 BROCHE ANIMALES CON PEDRER\u00cdA Elegante broche de metal con\u00a0pedrer\u00eda con motivos de animales: lib\u00e9lula, tuc\u00e1n y cangrejo. Presentado en blister de cart\u00f3n con bolsa de celof\u00e1n transparente con cierre adhesivo. [&hellip;]<\/p>\n","protected":false},"featured_media":11234,"template":"","meta":[],"product_brand":[],"product_cat":[60,74],"product_tag":[218],"class_list":{"0":"post-4726","1":"product","2":"type-product","3":"status-publish","4":"has-post-thumbnail","6":"product_cat-alfiler_novia","7":"product_cat-bisuterias_boda","8":"product_tag-boda-tematica-vintage","9":"clearfix","11":"first","12":"outofstock","13":"shipping-taxable","14":"purchasable","15":"product-type-simple"},"_links":{"self":[{"href":"https:\/\/www.misdetallesdeboda.com\/detalles\/wp-json\/wp\/v2\/product\/4726","targetHints":{"allow":["GET"]}}],"collection":[{"href":"https:\/\/www.misdetallesdeboda.com\/detalles\/wp-json\/wp\/v2\/product"}],"about":[{"href":"https:\/\/www.misdetallesdeboda.com\/detalles\/wp-json\/wp\/v2\/types\/product"}],"wp:featuredmedia":[{"embeddable":true,"href":"https:\/\/www.misdetallesdeboda.com\/detalles\/wp-json\/wp\/v2\/media\/11234"}],"wp:attachment":[{"href":"https:\/\/www.misdetallesdeboda.com\/detalles\/wp-json\/wp\/v2\/media?parent=4726"}],"wp:term":[{"taxonomy":"product_brand","embeddable":true,"href":"https:\/\/www.misdetallesdeboda.com\/detalles\/wp-json\/wp\/v2\/product_brand?post=4726"},{"taxonomy":"product_cat","embeddable":true,"href":"https:\/\/www.misdetallesdeboda.com\/detalles\/wp-json\/wp\/v2\/product_cat?post=4726"},{"taxonomy":"product_tag","embeddable":true,"href":"https:\/\/www.misdetallesdeboda.com\/detalles\/wp-json\/wp\/v2\/product_tag?post=4726"}],"curies":[{"name":"wp","href":"https:\/\/api.w.org\/{rel}","templated":true}]}}