{"id":4440,"date":"2016-06-20T15:48:32","date_gmt":"2016-06-20T15:48:32","guid":{"rendered":"http:\/\/www.misdetallesdeboda.com\/detalles\/producto\/baul-de-madera-mapas-con-panuelo-y-ambientador\/"},"modified":"2016-06-20T15:50:30","modified_gmt":"2016-06-20T15:50:30","slug":"baul-de-madera-mapas-con-panuelo-y-ambientador","status":"publish","type":"product","link":"https:\/\/www.misdetallesdeboda.com\/detalles\/producto\/baul-de-madera-mapas-con-panuelo-y-ambientador\/","title":{"rendered":"Ba\u00fal de madera mapas con pa\u00f1uelo y ambientador"},"content":{"rendered":"<p>Completisimo detalle de boda para los hombres Baul de madera mapas con pa\u00f1uelo y botella ambientador con bolsa de celofan y lazo (12,5 x 9 cm.)(12 cm. &#8211; 5 cl.)<br \/>\nEl producto se entrega desmontado, los regalos fuera del ba\u00fal para que no haya riesgo de rotura<br \/>\nPedido minimo 10 unidades<\/p>\n","protected":false},"excerpt":{"rendered":"<p>Completisimo detalle de boda para los hombres Baul de madera mapas con pa\u00f1uelo y botella ambientador con bolsa de celofan y lazo (12,5 x 9 cm.)(12 cm. &#8211; 5 cl.) El producto se entrega desmontado, [&hellip;]<\/p>\n","protected":false},"featured_media":4441,"template":"","meta":[],"product_brand":[],"product_cat":[37],"product_tag":[191],"class_list":{"0":"post-4440","1":"product","2":"type-product","3":"status-publish","4":"has-post-thumbnail","6":"product_cat-recuerdos_caballeros","7":"product_tag-boda-tematica-viajes","8":"clearfix","10":"first","11":"instock","12":"shipping-taxable","13":"purchasable","14":"product-type-simple"},"_links":{"self":[{"href":"https:\/\/www.misdetallesdeboda.com\/detalles\/wp-json\/wp\/v2\/product\/4440","targetHints":{"allow":["GET"]}}],"collection":[{"href":"https:\/\/www.misdetallesdeboda.com\/detalles\/wp-json\/wp\/v2\/product"}],"about":[{"href":"https:\/\/www.misdetallesdeboda.com\/detalles\/wp-json\/wp\/v2\/types\/product"}],"wp:featuredmedia":[{"embeddable":true,"href":"https:\/\/www.misdetallesdeboda.com\/detalles\/wp-json\/wp\/v2\/media\/4441"}],"wp:attachment":[{"href":"https:\/\/www.misdetallesdeboda.com\/detalles\/wp-json\/wp\/v2\/media?parent=4440"}],"wp:term":[{"taxonomy":"product_brand","embeddable":true,"href":"https:\/\/www.misdetallesdeboda.com\/detalles\/wp-json\/wp\/v2\/product_brand?post=4440"},{"taxonomy":"product_cat","embeddable":true,"href":"https:\/\/www.misdetallesdeboda.com\/detalles\/wp-json\/wp\/v2\/product_cat?post=4440"},{"taxonomy":"product_tag","embeddable":true,"href":"https:\/\/www.misdetallesdeboda.com\/detalles\/wp-json\/wp\/v2\/product_tag?post=4440"}],"curies":[{"name":"wp","href":"https:\/\/api.w.org\/{rel}","templated":true}]}}