{"id":4413,"date":"2016-06-14T07:19:04","date_gmt":"2016-06-14T07:19:04","guid":{"rendered":"http:\/\/www.misdetallesdeboda.com\/detalles\/producto\/pulsera-rosario-macrame\/"},"modified":"2023-03-21T18:01:47","modified_gmt":"2023-03-21T18:01:47","slug":"pulsera-rosario-macrame","status":"publish","type":"product","link":"https:\/\/www.misdetallesdeboda.com\/detalles\/producto\/pulsera-rosario-macrame\/","title":{"rendered":"Pulsera rosario con cruz macram\u00e9 azul o fuccsia"},"content":{"rendered":"<p>Preciosa pulsera rosario con cruz macram\u00e9 fucsia o azul<\/p>\n<p>para recuerdo de comuni\u00f3n<\/p>\n<p>Una pulsera delicada y moderna para acertar seguro en el recuerdo de comuni\u00f3n<\/p>\n<p>Pedido m\u00ednimo 16 unidades<\/p>\n<p>&nbsp;<\/p>\n","protected":false},"excerpt":{"rendered":"<p>Preciosa pulsera rosario con cruz macram\u00e9 fucsia o azul para recuerdo de comuni\u00f3n Una pulsera delicada y moderna para acertar seguro en el recuerdo de comuni\u00f3n Pedido m\u00ednimo 16 unidades &nbsp;<\/p>\n","protected":false},"featured_media":4414,"template":"","meta":[],"product_brand":[],"product_cat":[74,42],"product_tag":[165],"class_list":{"0":"post-4413","1":"product","2":"type-product","3":"status-publish","4":"has-post-thumbnail","6":"product_cat-bisuterias_boda","7":"product_cat-comunion","8":"product_tag-comunion-nina","9":"clearfix","11":"first","12":"outofstock","13":"shipping-taxable","14":"purchasable","15":"product-type-simple"},"_links":{"self":[{"href":"https:\/\/www.misdetallesdeboda.com\/detalles\/wp-json\/wp\/v2\/product\/4413","targetHints":{"allow":["GET"]}}],"collection":[{"href":"https:\/\/www.misdetallesdeboda.com\/detalles\/wp-json\/wp\/v2\/product"}],"about":[{"href":"https:\/\/www.misdetallesdeboda.com\/detalles\/wp-json\/wp\/v2\/types\/product"}],"wp:featuredmedia":[{"embeddable":true,"href":"https:\/\/www.misdetallesdeboda.com\/detalles\/wp-json\/wp\/v2\/media\/4414"}],"wp:attachment":[{"href":"https:\/\/www.misdetallesdeboda.com\/detalles\/wp-json\/wp\/v2\/media?parent=4413"}],"wp:term":[{"taxonomy":"product_brand","embeddable":true,"href":"https:\/\/www.misdetallesdeboda.com\/detalles\/wp-json\/wp\/v2\/product_brand?post=4413"},{"taxonomy":"product_cat","embeddable":true,"href":"https:\/\/www.misdetallesdeboda.com\/detalles\/wp-json\/wp\/v2\/product_cat?post=4413"},{"taxonomy":"product_tag","embeddable":true,"href":"https:\/\/www.misdetallesdeboda.com\/detalles\/wp-json\/wp\/v2\/product_tag?post=4413"}],"curies":[{"name":"wp","href":"https:\/\/api.w.org\/{rel}","templated":true}]}}