{"id":4376,"date":"2016-06-05T16:03:55","date_gmt":"2016-06-05T16:03:55","guid":{"rendered":"http:\/\/www.misdetallesdeboda.com\/detalles\/producto\/cucurucho-para-petalos-de-yute-decorado\/"},"modified":"2022-05-31T17:59:12","modified_gmt":"2022-05-31T17:59:12","slug":"cucurucho-para-petalos-de-yute-decorado","status":"publish","type":"product","link":"https:\/\/www.misdetallesdeboda.com\/detalles\/producto\/cucurucho-para-petalos-de-yute-decorado\/","title":{"rendered":"Cucurucho para p\u00e9talos de yute"},"content":{"rendered":"<p>Original cono de tela de yute (arpillera) para poner p\u00e9talos, arroz o flores secas.<\/p>\n<p>Con yute r\u00edgido que mantiene la forma mismo vac\u00edo.<\/p>\n<p>Medida: 20cm largo<\/p>\n<p>Ya viene montado<\/p>\n<p>Pedido m\u00ednimo 15 unidades<\/p>\n<p>*Los conos est\u00e1n hechos de manera artesanal por lo que puede haber una peque\u00f1a variaci\u00f3n de algunos milimetros entre ellos*<\/p>\n<p>Petalos: sugerencia de presentacion<\/p>\n<p>&nbsp;<\/p>\n","protected":false},"excerpt":{"rendered":"<p>Original cono de tela de yute (arpillera) para poner p\u00e9talos, arroz o flores secas. Con yute r\u00edgido que mantiene la forma mismo vac\u00edo. Medida: 20cm largo Ya viene montado Pedido m\u00ednimo 15 unidades *Los conos [&hellip;]<\/p>\n","protected":false},"featured_media":4793,"template":"","meta":[],"product_brand":[],"product_cat":[138],"product_tag":[231,207],"class_list":{"0":"post-4376","1":"product","2":"type-product","3":"status-publish","4":"has-post-thumbnail","6":"product_cat-decoracion-de-yute","7":"product_tag-boda-tematica-boho","8":"product_tag-boda-tematica-rustica","9":"clearfix","11":"first","12":"instock","13":"shipping-taxable","14":"purchasable","15":"product-type-simple"},"_links":{"self":[{"href":"https:\/\/www.misdetallesdeboda.com\/detalles\/wp-json\/wp\/v2\/product\/4376","targetHints":{"allow":["GET"]}}],"collection":[{"href":"https:\/\/www.misdetallesdeboda.com\/detalles\/wp-json\/wp\/v2\/product"}],"about":[{"href":"https:\/\/www.misdetallesdeboda.com\/detalles\/wp-json\/wp\/v2\/types\/product"}],"wp:featuredmedia":[{"embeddable":true,"href":"https:\/\/www.misdetallesdeboda.com\/detalles\/wp-json\/wp\/v2\/media\/4793"}],"wp:attachment":[{"href":"https:\/\/www.misdetallesdeboda.com\/detalles\/wp-json\/wp\/v2\/media?parent=4376"}],"wp:term":[{"taxonomy":"product_brand","embeddable":true,"href":"https:\/\/www.misdetallesdeboda.com\/detalles\/wp-json\/wp\/v2\/product_brand?post=4376"},{"taxonomy":"product_cat","embeddable":true,"href":"https:\/\/www.misdetallesdeboda.com\/detalles\/wp-json\/wp\/v2\/product_cat?post=4376"},{"taxonomy":"product_tag","embeddable":true,"href":"https:\/\/www.misdetallesdeboda.com\/detalles\/wp-json\/wp\/v2\/product_tag?post=4376"}],"curies":[{"name":"wp","href":"https:\/\/api.w.org\/{rel}","templated":true}]}}