{"id":4202,"date":"2016-05-01T11:56:57","date_gmt":"2016-05-01T11:56:57","guid":{"rendered":"http:\/\/www.misdetallesdeboda.com\/detalles\/producto\/saco-para-botella-de-vino-de-rustico-yute-375cl\/"},"modified":"2025-10-31T15:34:56","modified_gmt":"2025-10-31T15:34:56","slug":"saco-para-botella-de-vino-de-rustico-yute-375cl","status":"publish","type":"product","link":"https:\/\/www.misdetallesdeboda.com\/detalles\/producto\/saco-para-botella-de-vino-de-rustico-yute-375cl\/","title":{"rendered":"Saco rustico blanco para botella varios tama\u00f1os"},"content":{"rendered":"<p>Saco para botella de vino de yute blanco para presentar botellas recuerdos de boda.<\/p>\n<p>El saco tiene costuras interiores y boca con flecos<\/p>\n<p>Acompa\u00f1a cord\u00f3n de yute para atar el lazo<\/p>\n<p><strong>4 Tama\u00f1os disponibles:<\/strong><\/p>\n<p>-25cm de largo X 10cm de ancho. Sirve para mini botellitas de hasta 5cm de diametro de la base, suelen ser botellas benjam\u00edn de 18,5 cl de vino.<\/p>\n<p>-28cm de largo X 11cm de ancho. Sirve para botellas de hasta 6cm de diametro de la base, suelen ser botellas de 37,5cl o tres octavos<\/p>\n<p>-34 cm de largo X 12 cm de ancho. Sirve para botellas de hasta 7 cm de diametro de la base, suelen ser botellas de 75cl o tres cuartos<\/p>\n<p>-36 cm de largo X 13,5 cm de ancho. Sirve para botellas de hasta 8 cm de diametro de la base, suelen ser botellas de 1 litro<\/p>\n<p>Para los que buscan una decoraci\u00f3n rustica y unica para las botellas de vino de la boda<\/p>\n<p>Costura interior<\/p>\n<p>Pedido m\u00ednimo 20 unidades<\/p>\n","protected":false},"excerpt":{"rendered":"<p>Saco para botella de vino de yute blanco para presentar botellas recuerdos de boda. El saco tiene costuras interiores y boca con flecos Acompa\u00f1a cord\u00f3n de yute para atar el lazo 4 Tama\u00f1os disponibles: -25cm [&hellip;]<\/p>\n","protected":false},"featured_media":8984,"template":"","meta":[],"product_brand":[],"product_cat":[137],"product_tag":[207],"class_list":{"0":"post-4202","1":"product","2":"type-product","3":"status-publish","4":"has-post-thumbnail","6":"product_cat-bolsas-de-yute","7":"product_tag-boda-tematica-rustica","8":"clearfix","10":"first","11":"instock","12":"shipping-taxable","13":"purchasable","14":"product-type-variable"},"_links":{"self":[{"href":"https:\/\/www.misdetallesdeboda.com\/detalles\/wp-json\/wp\/v2\/product\/4202","targetHints":{"allow":["GET"]}}],"collection":[{"href":"https:\/\/www.misdetallesdeboda.com\/detalles\/wp-json\/wp\/v2\/product"}],"about":[{"href":"https:\/\/www.misdetallesdeboda.com\/detalles\/wp-json\/wp\/v2\/types\/product"}],"wp:featuredmedia":[{"embeddable":true,"href":"https:\/\/www.misdetallesdeboda.com\/detalles\/wp-json\/wp\/v2\/media\/8984"}],"wp:attachment":[{"href":"https:\/\/www.misdetallesdeboda.com\/detalles\/wp-json\/wp\/v2\/media?parent=4202"}],"wp:term":[{"taxonomy":"product_brand","embeddable":true,"href":"https:\/\/www.misdetallesdeboda.com\/detalles\/wp-json\/wp\/v2\/product_brand?post=4202"},{"taxonomy":"product_cat","embeddable":true,"href":"https:\/\/www.misdetallesdeboda.com\/detalles\/wp-json\/wp\/v2\/product_cat?post=4202"},{"taxonomy":"product_tag","embeddable":true,"href":"https:\/\/www.misdetallesdeboda.com\/detalles\/wp-json\/wp\/v2\/product_tag?post=4202"}],"curies":[{"name":"wp","href":"https:\/\/api.w.org\/{rel}","templated":true}]}}