{"id":4116,"date":"2016-04-07T21:32:08","date_gmt":"2016-04-07T21:32:08","guid":{"rendered":"http:\/\/www.misdetallesdeboda.com\/detalles\/?post_type=product&#038;p=4116"},"modified":"2017-01-06T20:42:29","modified_gmt":"2017-01-06T20:42:29","slug":"bolsa-perfumada-jazmin-elefantito","status":"publish","type":"product","link":"https:\/\/www.misdetallesdeboda.com\/detalles\/producto\/bolsa-perfumada-jazmin-elefantito\/","title":{"rendered":"Ginebra Gin Classic 5cl"},"content":{"rendered":"<p>GIN CLASSIC 5CL<\/p>\n<p>Gin-tonic es un c\u00f3ctel obtenido por la mezcla de ginebra y t\u00f3nica. Nosotros os ponemos la ginebra, vosotros la t\u00f3nica.<\/p>\n<p>Un regalo practico que seguro gustar\u00e1 a los asistentes.<br \/>\nPedido m\u00ednimo 10 unidades<\/p>\n","protected":false},"excerpt":{"rendered":"<p>GIN CLASSIC 5CL Gin-tonic es un c\u00f3ctel obtenido por la mezcla de ginebra y t\u00f3nica. Nosotros os ponemos la ginebra, vosotros la t\u00f3nica. Un regalo practico que seguro gustar\u00e1 a los asistentes. Pedido m\u00ednimo 10 [&hellip;]<\/p>\n","protected":false},"featured_media":5198,"template":"","meta":[],"product_brand":[],"product_cat":[252,27],"product_tag":[],"class_list":{"0":"post-4116","1":"product","2":"type-product","3":"status-publish","4":"has-post-thumbnail","6":"product_cat-gourmet","7":"product_cat-licoresboda","8":"clearfix","10":"first","11":"instock","12":"shipping-taxable","13":"purchasable","14":"product-type-simple"},"_links":{"self":[{"href":"https:\/\/www.misdetallesdeboda.com\/detalles\/wp-json\/wp\/v2\/product\/4116","targetHints":{"allow":["GET"]}}],"collection":[{"href":"https:\/\/www.misdetallesdeboda.com\/detalles\/wp-json\/wp\/v2\/product"}],"about":[{"href":"https:\/\/www.misdetallesdeboda.com\/detalles\/wp-json\/wp\/v2\/types\/product"}],"wp:featuredmedia":[{"embeddable":true,"href":"https:\/\/www.misdetallesdeboda.com\/detalles\/wp-json\/wp\/v2\/media\/5198"}],"wp:attachment":[{"href":"https:\/\/www.misdetallesdeboda.com\/detalles\/wp-json\/wp\/v2\/media?parent=4116"}],"wp:term":[{"taxonomy":"product_brand","embeddable":true,"href":"https:\/\/www.misdetallesdeboda.com\/detalles\/wp-json\/wp\/v2\/product_brand?post=4116"},{"taxonomy":"product_cat","embeddable":true,"href":"https:\/\/www.misdetallesdeboda.com\/detalles\/wp-json\/wp\/v2\/product_cat?post=4116"},{"taxonomy":"product_tag","embeddable":true,"href":"https:\/\/www.misdetallesdeboda.com\/detalles\/wp-json\/wp\/v2\/product_tag?post=4116"}],"curies":[{"name":"wp","href":"https:\/\/api.w.org\/{rel}","templated":true}]}}