{"id":404,"date":"2014-06-16T08:42:13","date_gmt":"2014-06-16T08:42:13","guid":{"rendered":"http:\/\/www.misdetallesdeboda.com\/detalles\/?product=toallita-animalito-bordada"},"modified":"2025-05-19T16:56:28","modified_gmt":"2025-05-19T16:56:28","slug":"recuerdo-bodas-de-plata-2","status":"publish","type":"product","link":"https:\/\/www.misdetallesdeboda.com\/detalles\/producto\/recuerdo-bodas-de-plata-2\/","title":{"rendered":"Estuche con bombones Bodas de Plata"},"content":{"rendered":"<p>Original estuche de dise\u00f1o de topos y rayas plateado con el n\u00famero 25 en purpurina para que resalte m\u00e1s. Id\u00f3neo para regalar a los invitados en el 25 aniversario de bodas de plata.<br \/>\nSe presenta en estuche con su cordel a juego con 3 bombones de chocolate con leche al 32% de cacao.<\/p>\n<p>\tEstuche decorado 25 plata rayas\/topos 3 bombones <\/p>\n<p>Familia\tBODA<br \/>\nAncho (cm)\t9,4<br \/>\nAlto (cm)\t6,5<br \/>\nFondo (cm)\t2,6<\/p>\n<p>Pedido m\u00ednimo 20 unidades<\/p>\n","protected":false},"excerpt":{"rendered":"<p>Original estuche de dise\u00f1o de topos y rayas plateado con el n\u00famero 25 en purpurina para que resalte m\u00e1s. Id\u00f3neo para regalar a los invitados en el 25 aniversario de bodas de plata. Se presenta [&hellip;]<\/p>\n","protected":false},"featured_media":17910,"template":"","meta":[],"product_brand":[],"product_cat":[50],"product_tag":[],"class_list":{"0":"post-404","1":"product","2":"type-product","3":"status-publish","4":"has-post-thumbnail","6":"product_cat-plata","7":"clearfix","9":"first","10":"instock","11":"shipping-taxable","12":"purchasable","13":"product-type-simple"},"_links":{"self":[{"href":"https:\/\/www.misdetallesdeboda.com\/detalles\/wp-json\/wp\/v2\/product\/404","targetHints":{"allow":["GET"]}}],"collection":[{"href":"https:\/\/www.misdetallesdeboda.com\/detalles\/wp-json\/wp\/v2\/product"}],"about":[{"href":"https:\/\/www.misdetallesdeboda.com\/detalles\/wp-json\/wp\/v2\/types\/product"}],"wp:featuredmedia":[{"embeddable":true,"href":"https:\/\/www.misdetallesdeboda.com\/detalles\/wp-json\/wp\/v2\/media\/17910"}],"wp:attachment":[{"href":"https:\/\/www.misdetallesdeboda.com\/detalles\/wp-json\/wp\/v2\/media?parent=404"}],"wp:term":[{"taxonomy":"product_brand","embeddable":true,"href":"https:\/\/www.misdetallesdeboda.com\/detalles\/wp-json\/wp\/v2\/product_brand?post=404"},{"taxonomy":"product_cat","embeddable":true,"href":"https:\/\/www.misdetallesdeboda.com\/detalles\/wp-json\/wp\/v2\/product_cat?post=404"},{"taxonomy":"product_tag","embeddable":true,"href":"https:\/\/www.misdetallesdeboda.com\/detalles\/wp-json\/wp\/v2\/product_tag?post=404"}],"curies":[{"name":"wp","href":"https:\/\/api.w.org\/{rel}","templated":true}]}}