{"id":3956,"date":"2016-03-06T16:58:59","date_gmt":"2016-03-06T16:58:59","guid":{"rendered":"http:\/\/www.misdetallesdeboda.com\/detalles\/producto\/saco-de-yute-con-puntilla-para-botella-de-vino-375cl\/"},"modified":"2025-11-03T17:46:01","modified_gmt":"2025-11-03T17:46:01","slug":"saco-de-yute-con-puntilla-para-botella-de-vino-375cl","status":"publish","type":"product","link":"https:\/\/www.misdetallesdeboda.com\/detalles\/producto\/saco-de-yute-con-puntilla-para-botella-de-vino-375cl\/","title":{"rendered":"Saco para botella con encaje blanco varios tama\u00f1os"},"content":{"rendered":"<p>Exclusivo saco para botella de vino de yute para presentar botellas recuerdos de boda.<\/p>\n<p>Adornado con encaje blanco de algod\u00f3n alrededor de toda la botella, una presentaci\u00f3n rustica y delicada.<\/p>\n<p>Acompa\u00f1a cord\u00f3n de yute para atar el lazo<\/p>\n<p><strong>Atenci\u00f3n disponemos de 3 tama\u00f1os:<\/strong><\/p>\n<p>Tama\u00f1os:<\/p>\n<p>28cm de largo X 11cm de ancho. Sirve para botellas de hasta 6cm de di\u00e1metro de la base, suelen ser botellas de 37,5cl o tres octavos<\/p>\n<p>34 cm de largo X 12 cm de ancho. Sirve para botellas de hasta 7 cm de di\u00e1metro de la base, suelen ser botellas de 75cl o tres cuartos<\/p>\n<p>36 cm de largo X 13,5 cm de ancho. Sirve para botellas de hasta 8 cm de di\u00e1metro de la base, suelen ser botellas de 1 litro<\/p>\n<p>Para los que buscan una decoraci\u00f3n rustica y \u00fanica para las botellas de vino de la boda<\/p>\n<p>Costura interior, boca con flecos<\/p>\n<p>Pedido m\u00ednimo 20 unidades<\/p>\n","protected":false},"excerpt":{"rendered":"<p>Exclusivo saco para botella de vino de yute para presentar botellas recuerdos de boda. Adornado con encaje blanco de algod\u00f3n alrededor de toda la botella, una presentaci\u00f3n rustica y delicada. Acompa\u00f1a cord\u00f3n de yute para [&hellip;]<\/p>\n","protected":false},"featured_media":9177,"template":"","meta":[],"product_brand":[],"product_cat":[137],"product_tag":[207],"class_list":{"0":"post-3956","1":"product","2":"type-product","3":"status-publish","4":"has-post-thumbnail","6":"product_cat-bolsas-de-yute","7":"product_tag-boda-tematica-rustica","8":"clearfix","10":"first","11":"instock","12":"shipping-taxable","13":"purchasable","14":"product-type-variable"},"_links":{"self":[{"href":"https:\/\/www.misdetallesdeboda.com\/detalles\/wp-json\/wp\/v2\/product\/3956","targetHints":{"allow":["GET"]}}],"collection":[{"href":"https:\/\/www.misdetallesdeboda.com\/detalles\/wp-json\/wp\/v2\/product"}],"about":[{"href":"https:\/\/www.misdetallesdeboda.com\/detalles\/wp-json\/wp\/v2\/types\/product"}],"wp:featuredmedia":[{"embeddable":true,"href":"https:\/\/www.misdetallesdeboda.com\/detalles\/wp-json\/wp\/v2\/media\/9177"}],"wp:attachment":[{"href":"https:\/\/www.misdetallesdeboda.com\/detalles\/wp-json\/wp\/v2\/media?parent=3956"}],"wp:term":[{"taxonomy":"product_brand","embeddable":true,"href":"https:\/\/www.misdetallesdeboda.com\/detalles\/wp-json\/wp\/v2\/product_brand?post=3956"},{"taxonomy":"product_cat","embeddable":true,"href":"https:\/\/www.misdetallesdeboda.com\/detalles\/wp-json\/wp\/v2\/product_cat?post=3956"},{"taxonomy":"product_tag","embeddable":true,"href":"https:\/\/www.misdetallesdeboda.com\/detalles\/wp-json\/wp\/v2\/product_tag?post=3956"}],"curies":[{"name":"wp","href":"https:\/\/api.w.org\/{rel}","templated":true}]}}